{"id":8606,"date":"2023-02-27T23:41:52","date_gmt":"2023-02-27T23:41:52","guid":{"rendered":"https:\/\/nordicbags.eu\/nahast-pudel-21\/"},"modified":"2025-05-29T22:49:05","modified_gmt":"2025-05-29T22:49:05","slug":"nahast-pudel-21","status":"publish","type":"product","link":"https:\/\/nordicbags.eu\/et\/toode\/nahast-pudel-21\/","title":{"rendered":"Nahast pudel 21"},"content":{"rendered":"","protected":false},"excerpt":{"rendered":"<p><strong>Kolb 21<\/strong> on roostevabast metallist kolb, millel on ehtne nahast kate.<br \/>\nKolbi mahutab 177 milliliitrit &#8220;\u0161napsit&#8221;, mida v\u00f5ite tarbida \u00fcksi, kuigi soovitame jagada s\u00f5pradega.<br \/>\nM\u00c4RKUS: Schnaps ei kuulu kolbi juurde.<br \/>\nEesti nahastuudio Papillon on disaininud ja tootnud kotte, kohvreid ja muid nahktooteid alates 1994. aastast.<br \/>\nPapilloni tooted on tuntud oma k\u00f5rge kvaliteedi poolest ja valmistatakse k\u00e4sitsi Tartus.    <\/p>\n<ul>\n<li>Valmistatud ehtsast nahast ja roostevabast terasest<\/li>\n<li>Mahutavus: 177 ml<\/li>\n<li>M\u00f5\u00f5tmed: 9,5 x 11 x 2 cm<\/li>\n<li>Valmistatud Euroopas<\/li>\n<\/ul>\n","protected":false},"featured_media":8607,"comment_status":"open","ping_status":"closed","template":"","meta":{"_acf_changed":false},"pwb-brand":[376],"product_brand":[],"product_cat":[334,373],"product_tag":[],"class_list":{"0":"post-8606","1":"product","2":"type-product","3":"status-publish","4":"has-post-thumbnail","6":"pwb-brand-papillon-et","7":"product_cat-nahast-kotid","8":"product_cat-tarvikud","10":"first","11":"instock","12":"taxable","13":"shipping-taxable","14":"purchasable","15":"product-type-variable"},"acf":[],"brands":[{"id":376,"name":"Papillon","slug":"papillon-et"}],"_links":{"self":[{"href":"https:\/\/nordicbags.eu\/et\/wp-json\/wp\/v2\/product\/8606","targetHints":{"allow":["GET"]}}],"collection":[{"href":"https:\/\/nordicbags.eu\/et\/wp-json\/wp\/v2\/product"}],"about":[{"href":"https:\/\/nordicbags.eu\/et\/wp-json\/wp\/v2\/types\/product"}],"replies":[{"embeddable":true,"href":"https:\/\/nordicbags.eu\/et\/wp-json\/wp\/v2\/comments?post=8606"}],"wp:featuredmedia":[{"embeddable":true,"href":"https:\/\/nordicbags.eu\/et\/wp-json\/wp\/v2\/media\/8607"}],"wp:attachment":[{"href":"https:\/\/nordicbags.eu\/et\/wp-json\/wp\/v2\/media?parent=8606"}],"wp:term":[{"taxonomy":"pwb-brand","embeddable":true,"href":"https:\/\/nordicbags.eu\/et\/wp-json\/wp\/v2\/pwb-brand?post=8606"},{"taxonomy":"product_brand","embeddable":true,"href":"https:\/\/nordicbags.eu\/et\/wp-json\/wp\/v2\/product_brand?post=8606"},{"taxonomy":"product_cat","embeddable":true,"href":"https:\/\/nordicbags.eu\/et\/wp-json\/wp\/v2\/product_cat?post=8606"},{"taxonomy":"product_tag","embeddable":true,"href":"https:\/\/nordicbags.eu\/et\/wp-json\/wp\/v2\/product_tag?post=8606"}],"curies":[{"name":"wp","href":"https:\/\/api.w.org\/{rel}","templated":true}]}}