{"id":8613,"date":"2023-02-27T23:43:59","date_gmt":"2023-02-27T23:43:59","guid":{"rendered":"https:\/\/nordicbags.eu\/nahast-seljakott-22-must\/"},"modified":"2023-02-27T23:43:59","modified_gmt":"2023-02-27T23:43:59","slug":"nahast-seljakott-22-must","status":"publish","type":"product","link":"https:\/\/nordicbags.eu\/et\/toode\/nahast-seljakott-22-must\/","title":{"rendered":"Nahast seljakott 22 &#8211; must"},"content":{"rendered":"","protected":false},"excerpt":{"rendered":"<p>Ehtne nahast <strong>Bum Bag 22<\/strong> on disainitud ja k\u00e4sitsi valmistatud Eestis.<br \/>\nSellel on suurem t\u00f5mblukuga peatasku ja v\u00e4iksem t\u00f5mblukuga esitasku.<br \/>\nKoti tagak\u00fcljel on ka suurem t\u00f5mblukuga tasku.<br \/>\nV\u00f6\u00f6kotil on reguleeritav rihm 82-113 cm ulatuses   <\/p>\n<ul>\n<li>Valmistatud ehtsast nahast<\/li>\n<li>M\u00f5\u00f5tmed: 30 cm x 13 cm x 10 cm<\/li>\n<li>Valmistatud Eestis<\/li>\n<\/ul>\n<p>Eesti nahastuudio Papillon on disaininud ja tootnud kotte, kohvreid ja muid nahktooteid alates 1994. aastast.<br \/>\nPapilloni tooted on tuntud oma k\u00f5rge kvaliteedi poolest ja valmistatakse k\u00e4sitsi Tartus. <\/p>\n","protected":false},"featured_media":8615,"comment_status":"open","ping_status":"closed","template":"","meta":{"_acf_changed":false},"pwb-brand":[376],"product_brand":[],"product_cat":[334,378,383],"product_tag":[],"class_list":{"0":"post-8613","1":"product","2":"type-product","3":"status-publish","4":"has-post-thumbnail","6":"pwb-brand-papillon-et","7":"product_cat-nahast-kotid","8":"product_cat-vookotid","9":"product_cat-sooduspakkumised","11":"first","12":"instock","13":"sale","14":"taxable","15":"shipping-taxable","16":"purchasable","17":"product-type-simple"},"acf":[],"brands":[{"id":376,"name":"Papillon","slug":"papillon-et"}],"_links":{"self":[{"href":"https:\/\/nordicbags.eu\/et\/wp-json\/wp\/v2\/product\/8613","targetHints":{"allow":["GET"]}}],"collection":[{"href":"https:\/\/nordicbags.eu\/et\/wp-json\/wp\/v2\/product"}],"about":[{"href":"https:\/\/nordicbags.eu\/et\/wp-json\/wp\/v2\/types\/product"}],"replies":[{"embeddable":true,"href":"https:\/\/nordicbags.eu\/et\/wp-json\/wp\/v2\/comments?post=8613"}],"wp:featuredmedia":[{"embeddable":true,"href":"https:\/\/nordicbags.eu\/et\/wp-json\/wp\/v2\/media\/8615"}],"wp:attachment":[{"href":"https:\/\/nordicbags.eu\/et\/wp-json\/wp\/v2\/media?parent=8613"}],"wp:term":[{"taxonomy":"pwb-brand","embeddable":true,"href":"https:\/\/nordicbags.eu\/et\/wp-json\/wp\/v2\/pwb-brand?post=8613"},{"taxonomy":"product_brand","embeddable":true,"href":"https:\/\/nordicbags.eu\/et\/wp-json\/wp\/v2\/product_brand?post=8613"},{"taxonomy":"product_cat","embeddable":true,"href":"https:\/\/nordicbags.eu\/et\/wp-json\/wp\/v2\/product_cat?post=8613"},{"taxonomy":"product_tag","embeddable":true,"href":"https:\/\/nordicbags.eu\/et\/wp-json\/wp\/v2\/product_tag?post=8613"}],"curies":[{"name":"wp","href":"https:\/\/api.w.org\/{rel}","templated":true}]}}