{"id":8617,"date":"2023-02-28T06:11:12","date_gmt":"2023-02-28T06:11:12","guid":{"rendered":"https:\/\/nordicbags.eu\/portfelli-35-must\/"},"modified":"2023-02-28T06:11:12","modified_gmt":"2023-02-28T06:11:12","slug":"portfelli-35-must","status":"publish","type":"product","link":"https:\/\/nordicbags.eu\/et\/toode\/portfelli-35-must\/","title":{"rendered":"Portfelli 35 &#8211; must"},"content":{"rendered":"","protected":false},"excerpt":{"rendered":"<p>Kuigi m\u00f5nikord \u00f6eldakse, et asjad ei tee \u00f5nnelikuks, ei ole neil inimestel ilmselgelt seda kohvrit. <strong>Portmik 35<\/strong> on k\u00e4sitsi valmistatud v\u00e4ga paksust ja v\u00e4ga vastupidavast t\u00e4isnahast ning on meie parim portmik.<br \/>\nP\u00f5hikambris on \u00fcks suurem tasku (28 x 26 x 2 cm), kuhu mahub ideaalselt s\u00fclearvuti, ja \u00fcks v\u00e4iksem tasku (22 x 22 x 2 cm), kuhu mahub suurem s\u00fclearvuti v\u00f5i iPad.<br \/>\nPeakohal on ka karabiin v\u00f5tmete jaoks ja kaks pliiatsihoidjat, kui inimesed ikka veel pliiatseid kasutavad.<br \/>\nKohvri esik\u00fcljel on kaks eraldi v\u00e4iksemat taskut m\u00f5\u00f5tmetega 14 x 20 x 4 cm.<br \/>\nLisaks on kohvril reguleeritav \u00f5larihm.<br \/>\nKohver on valmistatud ja disainitud Eestis ning teenib sind ja ilmselt ka j\u00e4rgmisi p\u00f5lvkondi h\u00e4sti ja kaua.<br \/>\nEesti nahastuudio Papillon on disaininud ja tootnud kotte, kohvreid ja muid nahktooteid alates 1994. aastast.<br \/>\nPapilloni tooted on tuntud oma k\u00f5rge kvaliteedi poolest ja valmistatakse k\u00e4sitsi Tartus.       <\/p>\n<ul>\n<li>Valmistatud 3-3,5 mm taimse pargitud t\u00e4isnahast.<\/li>\n<li>M\u00f5\u00f5tmed: 40,5 x 32 x 15 cm<\/li>\n<li>Kaasas nahast \u00f5larihm<\/li>\n<li>Disainitud ja valmistatud Eestis<\/li>\n<\/ul>\n<p>Oleme uskumatult uhked oma kottide k\u00f5rge kvaliteedi \u00fcle.<br \/>\nSee t\u00e4hendab muidugi, et <strong>k\u00f5ik kotid on varustatud 2-aastase garantiiga<\/strong>. <\/p>\n","protected":false},"featured_media":8618,"comment_status":"open","ping_status":"closed","template":"","meta":{"_acf_changed":false},"pwb-brand":[376],"product_brand":[],"product_cat":[334,381,338],"product_tag":[],"class_list":{"0":"post-8617","1":"product","2":"type-product","3":"status-publish","4":"has-post-thumbnail","6":"pwb-brand-papillon-et","7":"product_cat-nahast-kotid","8":"product_cat-portfellid","9":"product_cat-sulearvuti-kotid-ja-varrukad","11":"first","12":"instock","13":"taxable","14":"shipping-taxable","15":"purchasable","16":"product-type-simple"},"acf":[],"brands":[{"id":376,"name":"Papillon","slug":"papillon-et"}],"_links":{"self":[{"href":"https:\/\/nordicbags.eu\/et\/wp-json\/wp\/v2\/product\/8617","targetHints":{"allow":["GET"]}}],"collection":[{"href":"https:\/\/nordicbags.eu\/et\/wp-json\/wp\/v2\/product"}],"about":[{"href":"https:\/\/nordicbags.eu\/et\/wp-json\/wp\/v2\/types\/product"}],"replies":[{"embeddable":true,"href":"https:\/\/nordicbags.eu\/et\/wp-json\/wp\/v2\/comments?post=8617"}],"wp:featuredmedia":[{"embeddable":true,"href":"https:\/\/nordicbags.eu\/et\/wp-json\/wp\/v2\/media\/8618"}],"wp:attachment":[{"href":"https:\/\/nordicbags.eu\/et\/wp-json\/wp\/v2\/media?parent=8617"}],"wp:term":[{"taxonomy":"pwb-brand","embeddable":true,"href":"https:\/\/nordicbags.eu\/et\/wp-json\/wp\/v2\/pwb-brand?post=8617"},{"taxonomy":"product_brand","embeddable":true,"href":"https:\/\/nordicbags.eu\/et\/wp-json\/wp\/v2\/product_brand?post=8617"},{"taxonomy":"product_cat","embeddable":true,"href":"https:\/\/nordicbags.eu\/et\/wp-json\/wp\/v2\/product_cat?post=8617"},{"taxonomy":"product_tag","embeddable":true,"href":"https:\/\/nordicbags.eu\/et\/wp-json\/wp\/v2\/product_tag?post=8617"}],"curies":[{"name":"wp","href":"https:\/\/api.w.org\/{rel}","templated":true}]}}