{"id":8629,"date":"2023-02-28T06:15:08","date_gmt":"2023-02-28T06:15:08","guid":{"rendered":"https:\/\/nordicbags.eu\/walker-12l-seljakott\/"},"modified":"2025-05-30T03:38:07","modified_gmt":"2025-05-30T03:38:07","slug":"walker-12l-seljakott","status":"publish","type":"product","link":"https:\/\/nordicbags.eu\/et\/toode\/walker-12l-seljakott\/","title":{"rendered":"Walker 12L seljakott"},"content":{"rendered":"","protected":false},"excerpt":{"rendered":"<p><strong>Walker<\/strong> on 12-liitrine v\u00e4iksema suurusega seljakott.<br \/>\nVaatamata oma suurusele on seljas tasku kuni 14-tollise s\u00fclearvuti jaoks.<br \/>\nLisaks on Walkeril kokku 4 v\u00e4iksemat sisetaskut ja 1 s\u00fcgavam tasku.<br \/>\nKoti reguleeritavad \u00f5larihmad on mugavaks kandmiseks polsterdatud, nagu ka koti p\u00f5hi ja tagak\u00fclg.<br \/>\nWalker on valmistatud vastupidavast Canvas materjalist ja on vetth\u00fclgava viimistlusega.<br \/>\nNagu k\u00f5ik Noeli kotid, kestab ka see kott kaua.<br \/>\nNoel \u00fchendab urbanistliku stiili igap\u00e4evase praktilisuse ja vastupidavad materjalid.<br \/>\nNoel on legendaarse Eesti matkakottide tootja Matrix Pro elustiilibr\u00e4nd.         <\/p>\n<ul>\n<li>Materjal: vett h\u00fclgavaks t\u00f6\u00f6deldud kangas.<\/li>\n<li>M\u00f5\u00f5tmed: 13 x 31 x 38 cm.<\/li>\n<li>Mahutavus: 12 liitrit<\/li>\n<li>K\u00e4sitsi valmistatud Tartus, Eestis<\/li>\n<\/ul>\n","protected":false},"featured_media":8630,"comment_status":"open","ping_status":"closed","template":"","meta":{"_acf_changed":false},"pwb-brand":[364],"product_brand":[],"product_cat":[330],"product_tag":[],"class_list":{"0":"post-8629","1":"product","2":"type-product","3":"status-publish","4":"has-post-thumbnail","6":"pwb-brand-noel-et","7":"product_cat-seljakotid-ja-paevakotid","8":"product_shipping_class-7-10-toopaeva","10":"first","11":"instock","12":"taxable","13":"shipping-taxable","14":"purchasable","15":"product-type-simple"},"acf":[],"brands":[{"id":364,"name":"Noel","slug":"noel-et"}],"_links":{"self":[{"href":"https:\/\/nordicbags.eu\/et\/wp-json\/wp\/v2\/product\/8629","targetHints":{"allow":["GET"]}}],"collection":[{"href":"https:\/\/nordicbags.eu\/et\/wp-json\/wp\/v2\/product"}],"about":[{"href":"https:\/\/nordicbags.eu\/et\/wp-json\/wp\/v2\/types\/product"}],"replies":[{"embeddable":true,"href":"https:\/\/nordicbags.eu\/et\/wp-json\/wp\/v2\/comments?post=8629"}],"wp:featuredmedia":[{"embeddable":true,"href":"https:\/\/nordicbags.eu\/et\/wp-json\/wp\/v2\/media\/8630"}],"wp:attachment":[{"href":"https:\/\/nordicbags.eu\/et\/wp-json\/wp\/v2\/media?parent=8629"}],"wp:term":[{"taxonomy":"pwb-brand","embeddable":true,"href":"https:\/\/nordicbags.eu\/et\/wp-json\/wp\/v2\/pwb-brand?post=8629"},{"taxonomy":"product_brand","embeddable":true,"href":"https:\/\/nordicbags.eu\/et\/wp-json\/wp\/v2\/product_brand?post=8629"},{"taxonomy":"product_cat","embeddable":true,"href":"https:\/\/nordicbags.eu\/et\/wp-json\/wp\/v2\/product_cat?post=8629"},{"taxonomy":"product_tag","embeddable":true,"href":"https:\/\/nordicbags.eu\/et\/wp-json\/wp\/v2\/product_tag?post=8629"}],"curies":[{"name":"wp","href":"https:\/\/api.w.org\/{rel}","templated":true}]}}