{"id":8643,"date":"2023-02-28T06:16:08","date_gmt":"2023-02-28T06:16:08","guid":{"rendered":"https:\/\/nordicbags.eu\/nahast-rahakott-21\/"},"modified":"2024-10-08T05:30:21","modified_gmt":"2024-10-08T05:30:21","slug":"nahast-rahakott-21","status":"publish","type":"product","link":"https:\/\/nordicbags.eu\/et\/toode\/nahast-rahakott-21\/","title":{"rendered":"Nahast rahakott 21"},"content":{"rendered":"","protected":false},"excerpt":{"rendered":"<p><strong>Rahakott 21<\/strong> on Eesti k\u00e4sit\u00f6\u00f6liste poolt naturaalsest nahast valmistatud minimalistlik meeste rahakott, kuhu mahub k\u00f5ik vajalik, kuid ainult see, mis on vajalik. Rahakotis on sularahatasku, t\u00f5mblukuga m\u00fcnditasku, 3 kaarditasku ja kaks lisataskut. Kahjuks ei tule rahakotiga kaasa pangakaarti ega sularaha &#8211; need peavad olema rahakoti omanikul. Eesti nahastuudio Papillon on alates 1994. aastast disaininud ja tootnud kotte, kohvreid ja muid nahktooteid. Papilloni tooted on tuntud oma k\u00f5rge kvaliteedi poolest ja valmistatakse k\u00e4sitsi Tartus.   Eesti nahastuudio Papillon on disaininud ja tootnud kotte, kohvreid ja muid nahktooteid alates 1994. aastast.<br \/>\nPapilloni tooted on tuntud oma k\u00f5rge kvaliteedi poolest ja valmistatakse k\u00e4sitsi Tartus. <\/p>\n<ul>\n<li>Valmistatud ehtsast nahast<\/li>\n<li>M\u00f5\u00f5tmed: 10,5 cm x 8,3 cm<\/li>\n<li>5 kaarditaskut<\/li>\n<li>M\u00fcnditasku t\u00f5mblukuga<\/li>\n<li>1 rahatasku<\/li>\n<li>Valmistatud Eestis<\/li>\n<\/ul>\n","protected":false},"featured_media":8645,"comment_status":"open","ping_status":"closed","template":"","meta":{"_acf_changed":false},"pwb-brand":[376],"product_brand":[],"product_cat":[355,334,368,363],"product_tag":[],"class_list":{"0":"post-8643","1":"product","2":"type-product","3":"status-publish","4":"has-post-thumbnail","6":"pwb-brand-papillon-et","7":"product_cat-meeste-rahakotid-ja-kaardiumbrikud","8":"product_cat-nahast-kotid","9":"product_cat-nahast-rahakotid","10":"product_cat-rahakotid-ja-kaardihoidjad","12":"first","13":"instock","14":"taxable","15":"shipping-taxable","16":"purchasable","17":"product-type-variable"},"acf":[],"brands":[{"id":376,"name":"Papillon","slug":"papillon-et"}],"_links":{"self":[{"href":"https:\/\/nordicbags.eu\/et\/wp-json\/wp\/v2\/product\/8643","targetHints":{"allow":["GET"]}}],"collection":[{"href":"https:\/\/nordicbags.eu\/et\/wp-json\/wp\/v2\/product"}],"about":[{"href":"https:\/\/nordicbags.eu\/et\/wp-json\/wp\/v2\/types\/product"}],"replies":[{"embeddable":true,"href":"https:\/\/nordicbags.eu\/et\/wp-json\/wp\/v2\/comments?post=8643"}],"wp:featuredmedia":[{"embeddable":true,"href":"https:\/\/nordicbags.eu\/et\/wp-json\/wp\/v2\/media\/8645"}],"wp:attachment":[{"href":"https:\/\/nordicbags.eu\/et\/wp-json\/wp\/v2\/media?parent=8643"}],"wp:term":[{"taxonomy":"pwb-brand","embeddable":true,"href":"https:\/\/nordicbags.eu\/et\/wp-json\/wp\/v2\/pwb-brand?post=8643"},{"taxonomy":"product_brand","embeddable":true,"href":"https:\/\/nordicbags.eu\/et\/wp-json\/wp\/v2\/product_brand?post=8643"},{"taxonomy":"product_cat","embeddable":true,"href":"https:\/\/nordicbags.eu\/et\/wp-json\/wp\/v2\/product_cat?post=8643"},{"taxonomy":"product_tag","embeddable":true,"href":"https:\/\/nordicbags.eu\/et\/wp-json\/wp\/v2\/product_tag?post=8643"}],"curies":[{"name":"wp","href":"https:\/\/api.w.org\/{rel}","templated":true}]}}