{"id":8665,"date":"2023-02-28T06:21:30","date_gmt":"2023-02-28T06:21:30","guid":{"rendered":"https:\/\/nordicbags.eu\/tualettkott-112\/"},"modified":"2023-02-28T06:21:30","modified_gmt":"2023-02-28T06:21:30","slug":"tualettkott-112","status":"publish","type":"product","link":"https:\/\/nordicbags.eu\/et\/toode\/tualettkott-112\/","title":{"rendered":"Tualettkott 112"},"content":{"rendered":"","protected":false},"excerpt":{"rendered":"<p>Galvi-Linda <strong>tualettkott 112<\/strong> on kvaliteetne kott, mis sobib ideaalselt k\u00f5igi teie isiklike h\u00fcgieenitarvete hoidmiseks.<br \/>\nSee Eestis hoolikalt ja asjatundlikult valmistatud kott on valmistatud Cordurast, mis on v\u00e4ga vastupidav materjal, mis kestab kaua.<br \/>\nSellel on avar t\u00f5mblukuga tasku, kuhu mahuvad h\u00f5lpsasti k\u00f5ik teie igap\u00e4evased vajadused, sealhulgas hambahari, hambapasta, habemeajamisvahendid ja muud hooldusvahendid.<br \/>\nLisaks on kott kompaktne, mist\u00f5ttu on seda lihtne kaasas kanda ja pagasis hoiustada.     <\/p>\n<ul>\n<li>Valmistatud Cordurast<\/li>\n<li>V\u00e4rv: s\u00f5jav\u00e4e roheline<\/li>\n<li>M\u00f5\u00f5tmed: 20 cm x 18 cm x 10 cm<\/li>\n<li>Tarnija sertifikaadid: <a href=\"https:\/\/www.iso.org\/standard\/62085.html\">ISO 9001:2015<\/a>\n  <\/li>\n<li>Disainitud ja valmistatud Eestis<\/li>\n<\/ul>\n","protected":false},"featured_media":8667,"comment_status":"open","ping_status":"closed","template":"","meta":{"_acf_changed":false},"pwb-brand":[360],"product_brand":[],"product_cat":[362,358],"product_tag":[],"class_list":{"0":"post-8665","1":"product","2":"type-product","3":"status-publish","4":"has-post-thumbnail","6":"pwb-brand-galvi-linda-et","7":"product_cat-kosmeetikakotid","8":"product_cat-militaar-seljakotid","9":"product_shipping_class-tavaline","11":"first","12":"instock","13":"taxable","14":"shipping-taxable","15":"purchasable","16":"product-type-simple"},"acf":[],"brands":[{"id":360,"name":"Galvi-Linda","slug":"galvi-linda-et"}],"_links":{"self":[{"href":"https:\/\/nordicbags.eu\/et\/wp-json\/wp\/v2\/product\/8665","targetHints":{"allow":["GET"]}}],"collection":[{"href":"https:\/\/nordicbags.eu\/et\/wp-json\/wp\/v2\/product"}],"about":[{"href":"https:\/\/nordicbags.eu\/et\/wp-json\/wp\/v2\/types\/product"}],"replies":[{"embeddable":true,"href":"https:\/\/nordicbags.eu\/et\/wp-json\/wp\/v2\/comments?post=8665"}],"wp:featuredmedia":[{"embeddable":true,"href":"https:\/\/nordicbags.eu\/et\/wp-json\/wp\/v2\/media\/8667"}],"wp:attachment":[{"href":"https:\/\/nordicbags.eu\/et\/wp-json\/wp\/v2\/media?parent=8665"}],"wp:term":[{"taxonomy":"pwb-brand","embeddable":true,"href":"https:\/\/nordicbags.eu\/et\/wp-json\/wp\/v2\/pwb-brand?post=8665"},{"taxonomy":"product_brand","embeddable":true,"href":"https:\/\/nordicbags.eu\/et\/wp-json\/wp\/v2\/product_brand?post=8665"},{"taxonomy":"product_cat","embeddable":true,"href":"https:\/\/nordicbags.eu\/et\/wp-json\/wp\/v2\/product_cat?post=8665"},{"taxonomy":"product_tag","embeddable":true,"href":"https:\/\/nordicbags.eu\/et\/wp-json\/wp\/v2\/product_tag?post=8665"}],"curies":[{"name":"wp","href":"https:\/\/api.w.org\/{rel}","templated":true}]}}