{"id":8666,"date":"2023-02-28T06:25:44","date_gmt":"2023-02-28T06:25:44","guid":{"rendered":"https:\/\/nordicbags.eu\/nahast-rahakott-98-1\/"},"modified":"2023-02-28T06:25:44","modified_gmt":"2023-02-28T06:25:44","slug":"nahast-rahakott-98-1","status":"publish","type":"product","link":"https:\/\/nordicbags.eu\/et\/toode\/nahast-rahakott-98-1\/","title":{"rendered":"Nahast rahakott 98-1"},"content":{"rendered":"","protected":false},"excerpt":{"rendered":"<p><strong>Naiste nahast rahakott 98-1<\/strong> on ehtsast nahast rahakott, millel on 9 kaarditaskut, m\u00fcnditasku ja kaks sularahataskut.<br \/>\nRahakott on k\u00e4sit\u00f6\u00f6na valmistatud Eestis.<br \/>\nEesti nahastuudio Papillon on disaininud ja tootnud kotte, portfelli ja muid nahktooteid alates 1994. aastast.<br \/>\nPapilloni tooted on tuntud oma k\u00f5rge kvaliteedi poolest ja valmistatakse k\u00e4sitsi Tartus.     <\/p>\n<ul>\n<li>M\u00f5\u00f5tmed: 12,8 x 9,4 cm<\/li>\n<li>Valmistatud Eestis<\/li>\n<\/ul>\n","protected":false},"featured_media":8668,"comment_status":"open","ping_status":"closed","template":"","meta":{"_acf_changed":false},"pwb-brand":[376],"product_brand":[],"product_cat":[334,368,369,363],"product_tag":[],"class_list":{"0":"post-8666","1":"product","2":"type-product","3":"status-publish","4":"has-post-thumbnail","6":"pwb-brand-papillon-et","7":"product_cat-nahast-kotid","8":"product_cat-nahast-rahakotid","9":"product_cat-naiste-rahakotid-ja-rahakotid","10":"product_cat-rahakotid-ja-kaardihoidjad","12":"first","13":"instock","14":"taxable","15":"shipping-taxable","16":"purchasable","17":"product-type-variable"},"acf":[],"brands":[{"id":376,"name":"Papillon","slug":"papillon-et"}],"_links":{"self":[{"href":"https:\/\/nordicbags.eu\/et\/wp-json\/wp\/v2\/product\/8666","targetHints":{"allow":["GET"]}}],"collection":[{"href":"https:\/\/nordicbags.eu\/et\/wp-json\/wp\/v2\/product"}],"about":[{"href":"https:\/\/nordicbags.eu\/et\/wp-json\/wp\/v2\/types\/product"}],"replies":[{"embeddable":true,"href":"https:\/\/nordicbags.eu\/et\/wp-json\/wp\/v2\/comments?post=8666"}],"wp:featuredmedia":[{"embeddable":true,"href":"https:\/\/nordicbags.eu\/et\/wp-json\/wp\/v2\/media\/8668"}],"wp:attachment":[{"href":"https:\/\/nordicbags.eu\/et\/wp-json\/wp\/v2\/media?parent=8666"}],"wp:term":[{"taxonomy":"pwb-brand","embeddable":true,"href":"https:\/\/nordicbags.eu\/et\/wp-json\/wp\/v2\/pwb-brand?post=8666"},{"taxonomy":"product_brand","embeddable":true,"href":"https:\/\/nordicbags.eu\/et\/wp-json\/wp\/v2\/product_brand?post=8666"},{"taxonomy":"product_cat","embeddable":true,"href":"https:\/\/nordicbags.eu\/et\/wp-json\/wp\/v2\/product_cat?post=8666"},{"taxonomy":"product_tag","embeddable":true,"href":"https:\/\/nordicbags.eu\/et\/wp-json\/wp\/v2\/product_tag?post=8666"}],"curies":[{"name":"wp","href":"https:\/\/api.w.org\/{rel}","templated":true}]}}