{"id":8704,"date":"2024-02-08T09:30:30","date_gmt":"2024-02-08T09:30:30","guid":{"rendered":"https:\/\/nordicbags.eu\/model-bucket-konjaki\/"},"modified":"2024-09-15T12:37:36","modified_gmt":"2024-09-15T12:37:36","slug":"model-bucket-konjaki","status":"publish","type":"product","link":"https:\/\/nordicbags.eu\/et\/toode\/model-bucket-konjaki\/","title":{"rendered":"Model Bucket &#8211; konjaki"},"content":{"rendered":"","protected":false},"excerpt":{"rendered":"<p><strong>Model Bucket<\/strong> mahutab k\u00f5ike, mida igap\u00e4evaelus vajate: veepudelit, m\u00e4rkmikku, telefoni, rahakotti ja palju muud.<br \/>\nSellel on magnetiline sulgemine lihtsaks juurdep\u00e4\u00e4suks, sisemine v\u00e4ike tasku rahakoti v\u00f5i huulepulga jaoks ning kaks \u00fclemist k\u00e4epidet, et minna.<br \/>\nKaasas on reguleeritav rihm \u00f5la- v\u00f5i ristkandmiseks.  <\/p>\n<ul>\n<li>Materjal: orgaaniliselt pargitud nahk<\/li>\n<li>Suurus: 18\/32 cm x 22 cm x 14 cm<\/li>\n<li>Komplektis on risti rihm<\/li>\n<li>Pakitud korduvkasutatavasse kinkekotti<\/li>\n<li>Disainitud ja valmistatud Eestis<\/li>\n<\/ul>\n","protected":false},"featured_media":8719,"comment_status":"open","ping_status":"closed","template":"","meta":{"_acf_changed":false},"pwb-brand":[],"product_brand":[],"product_cat":[343],"product_tag":[],"class_list":{"0":"post-8704","1":"product","2":"type-product","3":"status-publish","4":"has-post-thumbnail","6":"product_cat-kaekotid","8":"first","9":"outofstock","10":"taxable","11":"shipping-taxable","12":"purchasable","13":"product-type-simple"},"acf":[],"brands":[],"_links":{"self":[{"href":"https:\/\/nordicbags.eu\/et\/wp-json\/wp\/v2\/product\/8704","targetHints":{"allow":["GET"]}}],"collection":[{"href":"https:\/\/nordicbags.eu\/et\/wp-json\/wp\/v2\/product"}],"about":[{"href":"https:\/\/nordicbags.eu\/et\/wp-json\/wp\/v2\/types\/product"}],"replies":[{"embeddable":true,"href":"https:\/\/nordicbags.eu\/et\/wp-json\/wp\/v2\/comments?post=8704"}],"wp:featuredmedia":[{"embeddable":true,"href":"https:\/\/nordicbags.eu\/et\/wp-json\/wp\/v2\/media\/8719"}],"wp:attachment":[{"href":"https:\/\/nordicbags.eu\/et\/wp-json\/wp\/v2\/media?parent=8704"}],"wp:term":[{"taxonomy":"pwb-brand","embeddable":true,"href":"https:\/\/nordicbags.eu\/et\/wp-json\/wp\/v2\/pwb-brand?post=8704"},{"taxonomy":"product_brand","embeddable":true,"href":"https:\/\/nordicbags.eu\/et\/wp-json\/wp\/v2\/product_brand?post=8704"},{"taxonomy":"product_cat","embeddable":true,"href":"https:\/\/nordicbags.eu\/et\/wp-json\/wp\/v2\/product_cat?post=8704"},{"taxonomy":"product_tag","embeddable":true,"href":"https:\/\/nordicbags.eu\/et\/wp-json\/wp\/v2\/product_tag?post=8704"}],"curies":[{"name":"wp","href":"https:\/\/api.w.org\/{rel}","templated":true}]}}