{"id":8728,"date":"2023-10-03T13:37:54","date_gmt":"2023-10-03T13:37:54","guid":{"rendered":"https:\/\/nordicbags.eu\/suur-tualettkott-travel-mate\/"},"modified":"2025-06-07T02:08:29","modified_gmt":"2025-06-07T02:08:29","slug":"suur-tualettkott-travel-mate","status":"publish","type":"product","link":"https:\/\/nordicbags.eu\/et\/toode\/suur-tualettkott-travel-mate\/","title":{"rendered":"Suur tualettkott Travel Mate"},"content":{"rendered":"","protected":false},"excerpt":{"rendered":"<p>Suur Tarvikute kott Travel Mate on suurep\u00e4rane kaaslane kodust v\u00e4ljas ning miks mitte ka kodus h\u00fcgieenitarvikute hoiustamiseks.<br \/>\nTravel Mate on sobilik kasutamiseks nii kosmeetikakoti, juhtmete v\u00f5i muude tarvikute hoidjana. <\/p>\n<p><strong>Stella Soomlais:<\/strong> Meil on suur austus kasutatavate materjalide vastu.<br \/>\nMeie disainilahendused on loodud nii, et l\u00f5ikamisj\u00e4\u00e4gid oleksid v\u00f5imalikult v\u00e4ikesed.<br \/>\nSiiani oleme suutnud v\u00e4hendada j\u00e4\u00e4kide osakaalu vaid 2-4%ni.<br \/>\nMeie eesm\u00e4rk on saavutada l\u00e4hiaastatel nullj\u00e4\u00e4tmed.<br \/>\nKottide disainid j\u00e4rgivad meie enda ringikujunduslikku kontseptsiooni, mida me nimetame Round 2.<br \/>\nSee v\u00f5imaldab meil anda tootele ja materjalile k\u00f5ige pikema eluea.<br \/>\nSeep\u00e4rast on meie koti disain minimaalne ja ilma kaunistusteta &#8211; k\u00f5ikidel detailidel on oma funktsioon.<br \/>\nKuna kasutatakse kvaliteetset naturaalset viimistletud nahka, siis teeb dekoratiivse osa materjal ise &#8211; aja jooksul saab see suure patina ja r\u00e4\u00e4gib oma lugu.<br \/>\nVahetatavad osad v\u00f5imaldavad lihtsat hooldust ja j\u00e4relhooldust.<br \/>\nKasutatud toodete n\u00e4otustamine on lihtne ja v\u00f5imaldab v\u00e4rskendatud kotid suunata j\u00e4rgmistesse kasutusk\u00e4ikudesse.<br \/>\nSuur materjalipind ilma \u00f5mblusteta v\u00f5imaldab vajadusel ka m\u00f5ningast \u00fcmberkujundamist (nt plekkide ja kriimustuste tekkimisel on v\u00f5imalik lisada tasku jne) v\u00f5i luua kasutatud materjalist midagi t\u00e4iesti uut.          <\/p>\n<p>M\u00f5\u00f5dud:<\/p>\n<ul>\n<li>Lukuava: 26 cm<\/li>\n<li>K\u00f5rgus: 14,5 cm<\/li>\n<li>Laius: 11 cm<\/li>\n<li>Pikkus: 22 cm<\/li>\n<\/ul>\n","protected":false},"featured_media":8735,"comment_status":"open","ping_status":"closed","template":"","meta":{"_acf_changed":false},"pwb-brand":[],"product_brand":[],"product_cat":[362],"product_tag":[],"class_list":{"0":"post-8728","1":"product","2":"type-product","3":"status-publish","4":"has-post-thumbnail","6":"product_cat-kosmeetikakotid","8":"first","9":"outofstock","10":"taxable","11":"shipping-taxable","12":"purchasable","13":"product-type-variable"},"acf":[],"brands":[],"_links":{"self":[{"href":"https:\/\/nordicbags.eu\/et\/wp-json\/wp\/v2\/product\/8728","targetHints":{"allow":["GET"]}}],"collection":[{"href":"https:\/\/nordicbags.eu\/et\/wp-json\/wp\/v2\/product"}],"about":[{"href":"https:\/\/nordicbags.eu\/et\/wp-json\/wp\/v2\/types\/product"}],"replies":[{"embeddable":true,"href":"https:\/\/nordicbags.eu\/et\/wp-json\/wp\/v2\/comments?post=8728"}],"wp:featuredmedia":[{"embeddable":true,"href":"https:\/\/nordicbags.eu\/et\/wp-json\/wp\/v2\/media\/8735"}],"wp:attachment":[{"href":"https:\/\/nordicbags.eu\/et\/wp-json\/wp\/v2\/media?parent=8728"}],"wp:term":[{"taxonomy":"pwb-brand","embeddable":true,"href":"https:\/\/nordicbags.eu\/et\/wp-json\/wp\/v2\/pwb-brand?post=8728"},{"taxonomy":"product_brand","embeddable":true,"href":"https:\/\/nordicbags.eu\/et\/wp-json\/wp\/v2\/product_brand?post=8728"},{"taxonomy":"product_cat","embeddable":true,"href":"https:\/\/nordicbags.eu\/et\/wp-json\/wp\/v2\/product_cat?post=8728"},{"taxonomy":"product_tag","embeddable":true,"href":"https:\/\/nordicbags.eu\/et\/wp-json\/wp\/v2\/product_tag?post=8728"}],"curies":[{"name":"wp","href":"https:\/\/api.w.org\/{rel}","templated":true}]}}