{"id":8751,"date":"2024-02-08T10:12:32","date_gmt":"2024-02-08T10:12:32","guid":{"rendered":"https:\/\/nordicbags.eu\/tuttide-kott-valge\/"},"modified":"2024-02-08T10:12:32","modified_gmt":"2024-02-08T10:12:32","slug":"tuttide-kott-valge","status":"publish","type":"product","link":"https:\/\/nordicbags.eu\/et\/toode\/tuttide-kott-valge\/","title":{"rendered":"Tuttide kott &#8211; valge"},"content":{"rendered":"","protected":false},"excerpt":{"rendered":"<p>\u00c4lly kollektsiooni v\u00e4ikseim kotike on m\u00f5eldud tuttide hoidmiseks, kuid see sobib ideaalselt ka lapsevanemate h\u00e4davajalike esemete, n\u00e4iteks v\u00e4ikeste k\u00f5rvaklappide, huulepalsami, juukselintide v\u00f5i v\u00f5tmete hoidmiseks.<\/p>\n<ul>\n<li>Kinnitub kindlalt koti, lapsevankri ja autoistme k\u00fclge ning seda on lihtne eemaldada.<\/li>\n<li>Mahutab 2-3 tutti<\/li>\n<li>Hoiab tutid puhtad ja turvalised<\/li>\n<li>M\u00f5\u00f5tmed: 7x7x5 cm<\/li>\n<li>Kaalub ainult 50 g<\/li>\n<li>Puhastage tuttide kott niiske lapiga.<\/li>\n<li>Lisage oma \u00c4lly kotile multifunktsionaalne ja s\u00e4rav aksessuaar.<\/li>\n<\/ul>\n<p>Silja, Eesti kaubam\u00e4rgi \u00c4lly asutaja ja tegevjuht ning kahe lapse ema, on loonud kaubam\u00e4rgi, et pakkuda v\u00e4\u00e4rtuslikke ja ainulaadseid tooteid lapsevanematele.<br \/>\nP\u00fc\u00fcdes \u00fchendada mugavust, stiili ja kvaliteeti, pakub \u00c4lly lahendusi beebitarvete mugavaks hoiustamiseks.<br \/>\nTooted on skandinaavialiku disainiga, keskendudes funktsionaalsusele ja keskkonnas\u00e4\u00e4stlikkusele.<br \/>\nNad kasutavad hoolikalt valitud materjale, nagu vastupidavad, kerged ja kergesti hooldatavad kangad, mis vastavad ohutusstandarditele ja v\u00e4ldivad loomade v\u00e4\u00e4rkohtlemist.<br \/>\n\u00c4lly eesm\u00e4rk on pakkuda stiilseid ja kauakestvaid esemeid, mis kasvavad koos perega, peegeldades Silja p\u00fchendumist kvaliteedile ja tema teekonda emana.    <\/p>\n<p>EE: \u00c4lly kollektsiooni v\u00e4ikseim kotike on loodud luttide hoidmiseks, kuid sobib imeh\u00e4sti ka lapsevanema tarvetele nagu v\u00e4iksed k\u00f5rvaklapid, huulepalsam, patsikumm v\u00f5i v\u00f5tmed.<br \/>\n\u00c4lly on Eesti br\u00e4nd. <\/p>\n<ul>\n<li>Kinnitub tugevalt koti, vankri ja turvah\u00e4lli k\u00fclge ning seda on mugav eemaldada<\/li>\n<li>Mahutab 2-3 lutti<\/li>\n<li>Hoiab lutid kindlas kohas puhtana<\/li>\n<li>M\u00f5\u00f5tmed 7x7x5 cm<\/li>\n<li>Kaalub vaid 50 g<\/li>\n<li>Puhasta lutikotti niiske lapiga<\/li>\n<\/ul>\n","protected":false},"featured_media":8763,"comment_status":"open","ping_status":"closed","template":"","meta":{"_acf_changed":false},"pwb-brand":[],"product_brand":[],"product_cat":[351],"product_tag":[],"class_list":{"0":"post-8751","1":"product","2":"type-product","3":"status-publish","4":"has-post-thumbnail","6":"product_cat-mahkmekotid","8":"first","9":"instock","10":"taxable","11":"shipping-taxable","12":"purchasable","13":"product-type-simple"},"acf":[],"brands":[],"_links":{"self":[{"href":"https:\/\/nordicbags.eu\/et\/wp-json\/wp\/v2\/product\/8751","targetHints":{"allow":["GET"]}}],"collection":[{"href":"https:\/\/nordicbags.eu\/et\/wp-json\/wp\/v2\/product"}],"about":[{"href":"https:\/\/nordicbags.eu\/et\/wp-json\/wp\/v2\/types\/product"}],"replies":[{"embeddable":true,"href":"https:\/\/nordicbags.eu\/et\/wp-json\/wp\/v2\/comments?post=8751"}],"wp:featuredmedia":[{"embeddable":true,"href":"https:\/\/nordicbags.eu\/et\/wp-json\/wp\/v2\/media\/8763"}],"wp:attachment":[{"href":"https:\/\/nordicbags.eu\/et\/wp-json\/wp\/v2\/media?parent=8751"}],"wp:term":[{"taxonomy":"pwb-brand","embeddable":true,"href":"https:\/\/nordicbags.eu\/et\/wp-json\/wp\/v2\/pwb-brand?post=8751"},{"taxonomy":"product_brand","embeddable":true,"href":"https:\/\/nordicbags.eu\/et\/wp-json\/wp\/v2\/product_brand?post=8751"},{"taxonomy":"product_cat","embeddable":true,"href":"https:\/\/nordicbags.eu\/et\/wp-json\/wp\/v2\/product_cat?post=8751"},{"taxonomy":"product_tag","embeddable":true,"href":"https:\/\/nordicbags.eu\/et\/wp-json\/wp\/v2\/product_tag?post=8751"}],"curies":[{"name":"wp","href":"https:\/\/api.w.org\/{rel}","templated":true}]}}