{"id":8764,"date":"2024-02-08T09:44:30","date_gmt":"2024-02-08T09:44:30","guid":{"rendered":"https:\/\/nordicbags.eu\/portfelli-nr-21-punane\/"},"modified":"2024-02-08T09:44:30","modified_gmt":"2024-02-08T09:44:30","slug":"portfelli-nr-21-punane","status":"publish","type":"product","link":"https:\/\/nordicbags.eu\/et\/toode\/portfelli-nr-21-punane\/","title":{"rendered":"Portfelli nr 21 &#8211; punane"},"content":{"rendered":"","protected":false},"excerpt":{"rendered":"<p><strong>Portmik nr 21<\/strong> on valmistatud ehtsast nahast ja toodetud Eestis.<br \/>\nSee on k\u00f5ige kergem ja \u00f5hem portfelli meie tootevalikus.<br \/>\nSellel on 1 suur salong ja tagak\u00fcljel lukuga A4 tasku.<br \/>\nSuures kambris on eraldi v\u00e4ike t\u00f5mblukuga tasku (n\u00e4iteks passi jaoks), mobiiltelefoni tasku ja pliiatsihoidja.<br \/>\nLoomulikult on sellel kohvril ka karabiin v\u00f5tmete jaoks.    <\/p>\n<ul>\n<li>Valmistatud ehtsast nahast<\/li>\n<li>M\u00f5\u00f5tmed: 36 cm x 28 cm x 7,5 cm.<\/li>\n<li>Disainitud ja toodetud Eestis<\/li>\n<\/ul>\n<p>\/\/\/<\/p>\n<p>Ehtsast nahast ja Eestis toodetud <strong>portfell nr 21<\/strong> on k\u00f5ige kergem ja \u00f5hukesem meie tootevalikus olev portfell.<br \/>\nPunane v\u00e4rv tagab muidugi selle, et silma torkab see kindlasti rohkem kui ka 10 korda suurem must v\u00f5i pruun portfell.<br \/>\nSellel portfellil on 1 suur lahter ning tagak\u00fcljel lukuga suletav A4 tasku.<br \/>\nSuure lahtri n\u00e4eb on eraldi v\u00e4ike lukuga tasku (nt passile), mobiilitasku ja pastakahoidja.<br \/>\nMuidugi ei puudu ka sellel portfellil karabiiner v\u00f5tmete jaoks.    <\/p>\n<ul>\n<li>Toodetud naturaalsest nahast<\/li>\n<li>V\u00e4rv: punane<\/li>\n<li>M\u00f5\u00f5dud: 36 cm x 28 cm x 7,5 cm.<\/li>\n<li>Disainitud ja toodetud Eestis<\/li>\n<\/ul>\n","protected":false},"featured_media":8770,"comment_status":"open","ping_status":"closed","template":"","meta":{"_acf_changed":false},"pwb-brand":[],"product_brand":[],"product_cat":[381],"product_tag":[],"class_list":{"0":"post-8764","1":"product","2":"type-product","3":"status-publish","4":"has-post-thumbnail","6":"product_cat-portfellid","8":"first","9":"instock","10":"taxable","11":"shipping-taxable","12":"purchasable","13":"product-type-simple"},"acf":[],"brands":[],"_links":{"self":[{"href":"https:\/\/nordicbags.eu\/et\/wp-json\/wp\/v2\/product\/8764","targetHints":{"allow":["GET"]}}],"collection":[{"href":"https:\/\/nordicbags.eu\/et\/wp-json\/wp\/v2\/product"}],"about":[{"href":"https:\/\/nordicbags.eu\/et\/wp-json\/wp\/v2\/types\/product"}],"replies":[{"embeddable":true,"href":"https:\/\/nordicbags.eu\/et\/wp-json\/wp\/v2\/comments?post=8764"}],"wp:featuredmedia":[{"embeddable":true,"href":"https:\/\/nordicbags.eu\/et\/wp-json\/wp\/v2\/media\/8770"}],"wp:attachment":[{"href":"https:\/\/nordicbags.eu\/et\/wp-json\/wp\/v2\/media?parent=8764"}],"wp:term":[{"taxonomy":"pwb-brand","embeddable":true,"href":"https:\/\/nordicbags.eu\/et\/wp-json\/wp\/v2\/pwb-brand?post=8764"},{"taxonomy":"product_brand","embeddable":true,"href":"https:\/\/nordicbags.eu\/et\/wp-json\/wp\/v2\/product_brand?post=8764"},{"taxonomy":"product_cat","embeddable":true,"href":"https:\/\/nordicbags.eu\/et\/wp-json\/wp\/v2\/product_cat?post=8764"},{"taxonomy":"product_tag","embeddable":true,"href":"https:\/\/nordicbags.eu\/et\/wp-json\/wp\/v2\/product_tag?post=8764"}],"curies":[{"name":"wp","href":"https:\/\/api.w.org\/{rel}","templated":true}]}}