{"id":8768,"date":"2023-03-08T12:35:15","date_gmt":"2023-03-08T12:35:15","guid":{"rendered":"https:\/\/nordicbags.eu\/mahkmekott-espresso\/"},"modified":"2023-03-08T12:35:15","modified_gmt":"2023-03-08T12:35:15","slug":"mahkmekott-espresso","status":"publish","type":"product","link":"https:\/\/nordicbags.eu\/et\/toode\/mahkmekott-espresso\/","title":{"rendered":"M\u00e4hkmekott &#8211; Espresso"},"content":{"rendered":"","protected":false},"excerpt":{"rendered":"<p>Tutvu Eesti br\u00e4ndi \u00c4lly m\u00e4hkmete seljakotiga Cappuccino.<br \/>\nSelle seljakotiga saad k\u00f5ik oma lapse asjad korrastatud ja kergesti ligip\u00e4\u00e4setavad, j\u00e4ttes k\u00e4ed vabaks kallistamiseks.<br \/>\nEnam ei pea \u017eongleerima koti ja oma pisikese lapsega samal ajal!<br \/>\nV\u00f5ta oma seiklused kergelt ja stiilselt ette Cappuccino seljakotiga.   <\/p>\n<ul>\n<li>M\u00f5\u00f5tmed: 46 \u00d7 26 \u00d7 16 cm<\/li>\n<li>Kaal: 1 kg<\/li>\n<li>Projekteeritud ja arendatud Eestis<\/li>\n<li>Valmistatud kvaliteetsest PU vegannahast ja vastupidavast YKK t\u00f5mblukust.<\/li>\n<li>Sobib enamiku lennufirmade k\u00e4sipagasisse.<\/li>\n<li>Super ruumikas &#8211; kokku 16 taskut<\/li>\n<li>Spetsiaalne tasku s\u00fclearvuti jaoks<\/li>\n<li>Termovoodriga tasku imikutoidu jaoks<\/li>\n<li>Lapsevankri rihmad ja jalutusmatt on kaasas<\/li>\n<\/ul>\n<p>Laevandus: 3-5 t\u00f6\u00f6p\u00e4eva<\/p>\n","protected":false},"featured_media":8780,"comment_status":"open","ping_status":"closed","template":"","meta":{"_acf_changed":false},"pwb-brand":[352],"product_brand":[],"product_cat":[351],"product_tag":[],"class_list":{"0":"post-8768","1":"product","2":"type-product","3":"status-publish","4":"has-post-thumbnail","6":"pwb-brand-ally-et","7":"product_cat-mahkmekotid","9":"first","10":"instock","11":"taxable","12":"shipping-taxable","13":"purchasable","14":"product-type-simple"},"acf":[],"brands":[{"id":352,"name":"\u00c4lly","slug":"ally-et"}],"_links":{"self":[{"href":"https:\/\/nordicbags.eu\/et\/wp-json\/wp\/v2\/product\/8768","targetHints":{"allow":["GET"]}}],"collection":[{"href":"https:\/\/nordicbags.eu\/et\/wp-json\/wp\/v2\/product"}],"about":[{"href":"https:\/\/nordicbags.eu\/et\/wp-json\/wp\/v2\/types\/product"}],"replies":[{"embeddable":true,"href":"https:\/\/nordicbags.eu\/et\/wp-json\/wp\/v2\/comments?post=8768"}],"wp:featuredmedia":[{"embeddable":true,"href":"https:\/\/nordicbags.eu\/et\/wp-json\/wp\/v2\/media\/8780"}],"wp:attachment":[{"href":"https:\/\/nordicbags.eu\/et\/wp-json\/wp\/v2\/media?parent=8768"}],"wp:term":[{"taxonomy":"pwb-brand","embeddable":true,"href":"https:\/\/nordicbags.eu\/et\/wp-json\/wp\/v2\/pwb-brand?post=8768"},{"taxonomy":"product_brand","embeddable":true,"href":"https:\/\/nordicbags.eu\/et\/wp-json\/wp\/v2\/product_brand?post=8768"},{"taxonomy":"product_cat","embeddable":true,"href":"https:\/\/nordicbags.eu\/et\/wp-json\/wp\/v2\/product_cat?post=8768"},{"taxonomy":"product_tag","embeddable":true,"href":"https:\/\/nordicbags.eu\/et\/wp-json\/wp\/v2\/product_tag?post=8768"}],"curies":[{"name":"wp","href":"https:\/\/api.w.org\/{rel}","templated":true}]}}