{"id":8795,"date":"2024-02-08T09:58:32","date_gmt":"2024-02-08T09:58:32","guid":{"rendered":"https:\/\/nordicbags.eu\/oslo-cross-body-kott\/"},"modified":"2025-05-29T20:20:14","modified_gmt":"2025-05-29T20:20:14","slug":"oslo-cross-body-kott","status":"publish","type":"product","link":"https:\/\/nordicbags.eu\/et\/toode\/oslo-cross-body-kott\/","title":{"rendered":"OSLO Cross Body kott"},"content":{"rendered":"","protected":false},"excerpt":{"rendered":"<p>ENG: <strong>OSLO Cross Body Bag<\/strong> &#8211; veekindel ja v\u00e4ga funktsionaalne aksessuaar, mis on loodud teie igap\u00e4evase rutiini t\u00e4iustamiseks.<br \/>\nOlenemata sellest, kas eelistate seda kanda horisontaalselt v\u00f5i vertikaalselt, kinnitate selle v\u00f6\u00f6le, seljakotti v\u00f5i kannate seda \u00fcle \u00f5la, OSLO Cross Body Bag pakub mitmek\u00fclgseid ja mugavaid kandmisv\u00f5imalusi. <\/p>\n<p>Selle elegantse ja kaasaegse disainiga kott \u00fchendab vaevata stiili ja praktilisuse.<br \/>\nSee on moodne klassika, mis sobib igale riietusele ja erinevatele puhkudel.<br \/>\nOlenemata sellest, kas te l\u00e4hete t\u00f6\u00f6le, avastate linna v\u00f5i alustate v\u00e4liseiklust, on OSLO Cross Body Bag teie usaldusv\u00e4\u00e4rne kaaslane.  <\/p>\n<p>Lukkudega peafunktsioon pakub piisavalt ruumi teie h\u00e4davajalike asjade jaoks, v\u00f5imaldades teil oma asju turvaliselt kaasas kanda.<br \/>\nSeest leiad sisetasku, mis on m\u00f5eldud v\u00e4ikeste esemete, n\u00e4iteks v\u00f5tmete v\u00f5i kaartide hoidmiseks, tagades kiire ja h\u00f5lpsa juurdep\u00e4\u00e4su, kui neid vajate.<br \/>\nPeakoti sees olev D-loop pakub turvalist kinnituspunkti v\u00f5tmete v\u00f5i p\u00e4\u00e4sukaartide jaoks, hoides need k\u00e4eulatuses ja v\u00e4hendades valesti panemise v\u00f5imalust.  <\/p>\n<p><strong>Info:  <\/strong><\/p>\n<ul>\n<li>Veekindel<\/li>\n<li>YKK\u00ae t\u00f5mblukuga taskud<\/li>\n<li>Vegan<\/li>\n<li>Maht 3l<\/li>\n<li>Peamine kamber: B 35 x K 18 x S 5 cm<\/li>\n<li>\u00dcks sisemine tasku<\/li>\n<li>D- silmus koti sees<\/li>\n<li>Reguleeritav rihm<\/li>\n<li>100% k\u00e4sitsi valmistatud Eestis<\/li>\n<\/ul>\n<p>Laevandus: 3-5 t\u00f6\u00f6p\u00e4eva<\/p>\n<\/p>\n<p>EST:<\/p>\n<p><strong>OSLO<\/strong> unisex crossbody kott &#8211; Minimalistlikku disainiga kott, mis on valmistatud kvaliteetsest vetth\u00fclgavast pol\u00fcester kangast kombineerides funktsionaalsuse, vastupidavuse ja mugavuse.<\/p>\n<p>Rihm on reguleeritav, mis v\u00f5imaldab kotti kanda mitmel kujul: \u00fcle \u00f5la, \u00fcle keha v\u00f5i v\u00f6\u00f6kohal.<br \/>\nKotil sisemuses on mugav tasku telefonile ja dokumentidele. <\/p>\n<p><strong>Info:<\/strong><\/p>\n<ul>\n<li>Reguleeritava pikkusega rihm<\/li>\n<li>Vetth\u00fclgav pol\u00fcester kangas<\/li>\n<li>Vegan<\/li>\n<li>Koti n\u00e4eb D-aas<\/li>\n<li>\u00dcks sisemine \u00fclesanne<\/li>\n<li>Veekindel YKK\u00ae t\u00f5mblukk<\/li>\n<li>Mahutavus 3L<\/li>\n<li>M\u00f5\u00f5dud: Laius 35 x k\u00f5rgus 18 x s\u00fcgavus 5 cm<\/li>\n<li>100% k\u00e4sit\u00f6\u00f6na valmistatud Eestis<\/li>\n<\/ul>\n<p>Kohaletoimetamiin: 3-5 t\u00f6\u00f6p\u00e4eva<\/p>\n","protected":false},"featured_media":8802,"comment_status":"open","ping_status":"closed","template":"","meta":{"_acf_changed":false},"pwb-brand":[],"product_brand":[],"product_cat":[335],"product_tag":[],"class_list":{"0":"post-8795","1":"product","2":"type-product","3":"status-publish","4":"has-post-thumbnail","6":"product_cat-crossbody-kotid","8":"first","9":"instock","10":"taxable","11":"shipping-taxable","12":"purchasable","13":"product-type-simple"},"acf":[],"brands":[],"_links":{"self":[{"href":"https:\/\/nordicbags.eu\/et\/wp-json\/wp\/v2\/product\/8795","targetHints":{"allow":["GET"]}}],"collection":[{"href":"https:\/\/nordicbags.eu\/et\/wp-json\/wp\/v2\/product"}],"about":[{"href":"https:\/\/nordicbags.eu\/et\/wp-json\/wp\/v2\/types\/product"}],"replies":[{"embeddable":true,"href":"https:\/\/nordicbags.eu\/et\/wp-json\/wp\/v2\/comments?post=8795"}],"wp:featuredmedia":[{"embeddable":true,"href":"https:\/\/nordicbags.eu\/et\/wp-json\/wp\/v2\/media\/8802"}],"wp:attachment":[{"href":"https:\/\/nordicbags.eu\/et\/wp-json\/wp\/v2\/media?parent=8795"}],"wp:term":[{"taxonomy":"pwb-brand","embeddable":true,"href":"https:\/\/nordicbags.eu\/et\/wp-json\/wp\/v2\/pwb-brand?post=8795"},{"taxonomy":"product_brand","embeddable":true,"href":"https:\/\/nordicbags.eu\/et\/wp-json\/wp\/v2\/product_brand?post=8795"},{"taxonomy":"product_cat","embeddable":true,"href":"https:\/\/nordicbags.eu\/et\/wp-json\/wp\/v2\/product_cat?post=8795"},{"taxonomy":"product_tag","embeddable":true,"href":"https:\/\/nordicbags.eu\/et\/wp-json\/wp\/v2\/product_tag?post=8795"}],"curies":[{"name":"wp","href":"https:\/\/api.w.org\/{rel}","templated":true}]}}