{"id":8798,"date":"2023-10-27T08:38:03","date_gmt":"2023-10-27T08:38:03","guid":{"rendered":"https:\/\/nordicbags.eu\/douglas-tualett-tarbekott-sinepneuss\/"},"modified":"2023-10-27T08:38:03","modified_gmt":"2023-10-27T08:38:03","slug":"douglas-tualett-tarbekott-sinepneuss","status":"publish","type":"product","link":"https:\/\/nordicbags.eu\/et\/toode\/douglas-tualett-tarbekott-sinepneuss\/","title":{"rendered":"DOUGLAS tualett-tarbekott &#8211; sinepneuss"},"content":{"rendered":"","protected":false},"excerpt":{"rendered":"<p><strong>DOUGLASi<\/strong> k\u00e4sitsi valmistatud nahast tualettkott mahutab k\u00f5ik teie reisi- ja ilutarbed.<br \/>\nSee ruumikas kott on mugav \u00f6\u00f6bimisreiside v\u00f5i pikemate puhkuste jaoks, et hoida deodoranti, l\u00f5hnaainet, raseerimisvahendeid, meiki jne.<br \/>\nSujuvalt kulgev t\u00f5mblukk avab koti laialt k\u00fcljelt k\u00fcljele.<br \/>\nDouglasil on ees t\u00e4iendav t\u00f5mblukuga tasku v\u00e4ikeste esemete hoidmiseks.   <\/p>\n<p><strong>Info:<\/strong><\/p>\n<ul>\n<li>Suurus: 26 x 18 x 8 cm<\/li>\n<li>K\u00e4sitsi valmistatud<\/li>\n<li>Valmistatud Leedus<\/li>\n<\/ul>\n<p>Kohaletoimetamine 3-7 t\u00f6\u00f6p\u00e4eva jooksul<\/p>\n","protected":false},"featured_media":8811,"comment_status":"open","ping_status":"closed","template":"","meta":{"_acf_changed":false},"pwb-brand":[],"product_brand":[],"product_cat":[362],"product_tag":[],"class_list":{"0":"post-8798","1":"product","2":"type-product","3":"status-publish","4":"has-post-thumbnail","6":"product_cat-kosmeetikakotid","8":"first","9":"instock","10":"taxable","11":"shipping-taxable","12":"purchasable","13":"product-type-simple"},"acf":[],"brands":[],"_links":{"self":[{"href":"https:\/\/nordicbags.eu\/et\/wp-json\/wp\/v2\/product\/8798","targetHints":{"allow":["GET"]}}],"collection":[{"href":"https:\/\/nordicbags.eu\/et\/wp-json\/wp\/v2\/product"}],"about":[{"href":"https:\/\/nordicbags.eu\/et\/wp-json\/wp\/v2\/types\/product"}],"replies":[{"embeddable":true,"href":"https:\/\/nordicbags.eu\/et\/wp-json\/wp\/v2\/comments?post=8798"}],"wp:featuredmedia":[{"embeddable":true,"href":"https:\/\/nordicbags.eu\/et\/wp-json\/wp\/v2\/media\/8811"}],"wp:attachment":[{"href":"https:\/\/nordicbags.eu\/et\/wp-json\/wp\/v2\/media?parent=8798"}],"wp:term":[{"taxonomy":"pwb-brand","embeddable":true,"href":"https:\/\/nordicbags.eu\/et\/wp-json\/wp\/v2\/pwb-brand?post=8798"},{"taxonomy":"product_brand","embeddable":true,"href":"https:\/\/nordicbags.eu\/et\/wp-json\/wp\/v2\/product_brand?post=8798"},{"taxonomy":"product_cat","embeddable":true,"href":"https:\/\/nordicbags.eu\/et\/wp-json\/wp\/v2\/product_cat?post=8798"},{"taxonomy":"product_tag","embeddable":true,"href":"https:\/\/nordicbags.eu\/et\/wp-json\/wp\/v2\/product_tag?post=8798"}],"curies":[{"name":"wp","href":"https:\/\/api.w.org\/{rel}","templated":true}]}}