{"id":8799,"date":"2024-02-08T10:19:34","date_gmt":"2024-02-08T10:19:34","guid":{"rendered":"https:\/\/nordicbags.eu\/kaekott-olivia-ookeani-sinine\/"},"modified":"2024-02-08T10:19:34","modified_gmt":"2024-02-08T10:19:34","slug":"kaekott-olivia-ookeani-sinine","status":"publish","type":"product","link":"https:\/\/nordicbags.eu\/et\/toode\/kaekott-olivia-ookeani-sinine\/","title":{"rendered":"K\u00e4ekott Olivia &#8211; Ookeani sinine"},"content":{"rendered":"","protected":false},"excerpt":{"rendered":"<p>Tutvustame &#8220;Olivia&#8221;, musta naturaalsest nahast naiste k\u00e4ekotti, mis on loodud selleks, et silma paista.<br \/>\nSee Leedus disainitud ja valmistatud kott toob teie stiili t\u00e4iesti uue taseme elegantsi ja funktsionaalsuse.<br \/>\nSelle erakordne kuju p\u00f6\u00f6rab pead, muutes selle ideaalseks statement-t\u00fckiks iga riietuse juurde.  <\/p>\n<p>Olivia on varustatud kahe k\u00e4epidemega: l\u00fchikese k\u00e4epidemega, mis sobib \u0161ikiks \u00fcle \u00f5la ja pika, 4 cm laiusega reguleeritava k\u00e4epidemega, kui vajate lisavahelduvust.<br \/>\nMida iganes teie p\u00e4ev toob, Olivia kohandub vaevata. <\/p>\n<p>T\u00f5sta oma v\u00e4limust selle ainulaadse k\u00e4ekotiga, mis on sama unikaalne kui sina ise.<\/p>\n<p>\u00dcksikasjad:<\/p>\n<ul>\n<li>L\u00fchike k\u00e4epide \u00fcle \u00f5la kandmiseks<\/li>\n<li>Pikk 4 cm laiune reguleeritav rihm<\/li>\n<li>M\u00f5\u00f5tmed: 44 x 25 cm<\/li>\n<li>K\u00e4sitsi valmistatud Leedus<\/li>\n<\/ul>\n<p>PYKOK on kaasaegne nahast aksessuaaride kaubam\u00e4rk, mis loob strukturaalseid esemeid.<br \/>\nKeha r\u00f5hutamiseks ja vormimiseks kasutatakse puhtaid geomeetrilisi kujundeid.<br \/>\nUniversaalsed, iseloomulikud aksessuaarid v\u00f5ivad muuta lihtsaima riietuse ainulaadseks naiselikuks v\u00e4limuseks.  <\/p>\n","protected":false},"featured_media":8819,"comment_status":"open","ping_status":"closed","template":"","meta":{"_acf_changed":false},"pwb-brand":[],"product_brand":[],"product_cat":[343],"product_tag":[],"class_list":{"0":"post-8799","1":"product","2":"type-product","3":"status-publish","4":"has-post-thumbnail","6":"product_cat-kaekotid","8":"first","9":"outofstock","10":"taxable","11":"shipping-taxable","12":"purchasable","13":"product-type-simple"},"acf":[],"brands":[],"_links":{"self":[{"href":"https:\/\/nordicbags.eu\/et\/wp-json\/wp\/v2\/product\/8799","targetHints":{"allow":["GET"]}}],"collection":[{"href":"https:\/\/nordicbags.eu\/et\/wp-json\/wp\/v2\/product"}],"about":[{"href":"https:\/\/nordicbags.eu\/et\/wp-json\/wp\/v2\/types\/product"}],"replies":[{"embeddable":true,"href":"https:\/\/nordicbags.eu\/et\/wp-json\/wp\/v2\/comments?post=8799"}],"wp:featuredmedia":[{"embeddable":true,"href":"https:\/\/nordicbags.eu\/et\/wp-json\/wp\/v2\/media\/8819"}],"wp:attachment":[{"href":"https:\/\/nordicbags.eu\/et\/wp-json\/wp\/v2\/media?parent=8799"}],"wp:term":[{"taxonomy":"pwb-brand","embeddable":true,"href":"https:\/\/nordicbags.eu\/et\/wp-json\/wp\/v2\/pwb-brand?post=8799"},{"taxonomy":"product_brand","embeddable":true,"href":"https:\/\/nordicbags.eu\/et\/wp-json\/wp\/v2\/product_brand?post=8799"},{"taxonomy":"product_cat","embeddable":true,"href":"https:\/\/nordicbags.eu\/et\/wp-json\/wp\/v2\/product_cat?post=8799"},{"taxonomy":"product_tag","embeddable":true,"href":"https:\/\/nordicbags.eu\/et\/wp-json\/wp\/v2\/product_tag?post=8799"}],"curies":[{"name":"wp","href":"https:\/\/api.w.org\/{rel}","templated":true}]}}