{"id":8800,"date":"2024-02-08T10:26:34","date_gmt":"2024-02-08T10:26:34","guid":{"rendered":"https:\/\/nordicbags.eu\/suur-kaekott-adele-ehtne-must-nahk\/"},"modified":"2025-05-29T21:48:35","modified_gmt":"2025-05-29T21:48:35","slug":"suur-kaekott-adele-ehtne-must-nahk","status":"publish","type":"product","link":"https:\/\/nordicbags.eu\/et\/toode\/suur-kaekott-adele-ehtne-must-nahk\/","title":{"rendered":"Suur k\u00e4ekott Adele &#8211; ehtne must nahk"},"content":{"rendered":"","protected":false},"excerpt":{"rendered":"<p>50 x 35 cm suurune mahukas Adele k\u00e4ekott, mis on valmistatud kvaliteetsest ehtsast nahast, on teie jaoks parim valik, et kanda stiilselt k\u00f5iki oma igap\u00e4evaseid esmatarbeid.<\/p>\n<p>Reguleeritavad k\u00e4terihmad pakuvad mugavust ja mitmek\u00fclgsust, samas kui sisemus viib organiseerimise j\u00e4rgmisele tasemele.<br \/>\nT\u00e4nu kahele taskule, mis on m\u00f5eldud v\u00e4ikeste esemete jaoks, ja karabiinile v\u00f5tmete kinnitamiseks, teate t\u00e4pselt, kus k\u00f5ik on. <\/p>\n<p>Sulge tehing magnetilise sulgemisega, mis muudab juurdep\u00e4\u00e4su lihtsaks, hoides samal ajal oma asjad turvaliselt.<\/p>\n<p>Stiilne, kuid samas praktiline Adele on viimistlus, mida teie igap\u00e4evane ansambel v\u00e4\u00e4rib.<\/p>\n<p>\u00dcksikasjad:<\/p>\n<ul>\n<li>Reguleeritavad k\u00e4terihmad<\/li>\n<li>M\u00f5\u00f5tmed: 50 x 35 cm<\/li>\n<li>Magnetiline sulgemine<\/li>\n<li>K\u00e4sitsi valmistatud Leedus<\/li>\n<\/ul>\n<p>PYKOK on kaasaegne nahast aksessuaaride kaubam\u00e4rk, mis loob strukturaalseid esemeid.<br \/>\nKeha r\u00f5hutamiseks ja vormimiseks kasutatakse puhtaid geomeetrilisi kujundeid.<br \/>\nUniversaalsed, iseloomulikud aksessuaarid v\u00f5ivad muuta lihtsaima riietuse ainulaadseks naiselikuks v\u00e4limuseks.  <\/p>\n","protected":false},"featured_media":8821,"comment_status":"open","ping_status":"closed","template":"","meta":{"_acf_changed":false},"pwb-brand":[],"product_brand":[],"product_cat":[343],"product_tag":[],"class_list":{"0":"post-8800","1":"product","2":"type-product","3":"status-publish","4":"has-post-thumbnail","6":"product_cat-kaekotid","8":"first","9":"instock","10":"taxable","11":"shipping-taxable","12":"purchasable","13":"product-type-simple"},"acf":[],"brands":[],"_links":{"self":[{"href":"https:\/\/nordicbags.eu\/et\/wp-json\/wp\/v2\/product\/8800","targetHints":{"allow":["GET"]}}],"collection":[{"href":"https:\/\/nordicbags.eu\/et\/wp-json\/wp\/v2\/product"}],"about":[{"href":"https:\/\/nordicbags.eu\/et\/wp-json\/wp\/v2\/types\/product"}],"replies":[{"embeddable":true,"href":"https:\/\/nordicbags.eu\/et\/wp-json\/wp\/v2\/comments?post=8800"}],"wp:featuredmedia":[{"embeddable":true,"href":"https:\/\/nordicbags.eu\/et\/wp-json\/wp\/v2\/media\/8821"}],"wp:attachment":[{"href":"https:\/\/nordicbags.eu\/et\/wp-json\/wp\/v2\/media?parent=8800"}],"wp:term":[{"taxonomy":"pwb-brand","embeddable":true,"href":"https:\/\/nordicbags.eu\/et\/wp-json\/wp\/v2\/pwb-brand?post=8800"},{"taxonomy":"product_brand","embeddable":true,"href":"https:\/\/nordicbags.eu\/et\/wp-json\/wp\/v2\/product_brand?post=8800"},{"taxonomy":"product_cat","embeddable":true,"href":"https:\/\/nordicbags.eu\/et\/wp-json\/wp\/v2\/product_cat?post=8800"},{"taxonomy":"product_tag","embeddable":true,"href":"https:\/\/nordicbags.eu\/et\/wp-json\/wp\/v2\/product_tag?post=8800"}],"curies":[{"name":"wp","href":"https:\/\/api.w.org\/{rel}","templated":true}]}}