{"id":8836,"date":"2024-02-08T10:05:32","date_gmt":"2024-02-08T10:05:32","guid":{"rendered":"https:\/\/nordicbags.eu\/fiona-kaekott-must\/"},"modified":"2025-02-19T15:15:54","modified_gmt":"2025-02-19T15:15:54","slug":"fiona-kaekott-must","status":"publish","type":"product","link":"https:\/\/nordicbags.eu\/et\/toode\/fiona-kaekott-must\/","title":{"rendered":"FIONA k\u00e4ekott &#8211; must"},"content":{"rendered":"","protected":false},"excerpt":{"rendered":"<p>Kaunis must <strong>FIONA<\/strong> kott, millel on magnetiga sulgemine ja salajane tagatasku telefoni jaoks. Fiona sobib suurep\u00e4raselt \u00f5htusele v\u00e4ljas\u00f5idule, et v\u00f5tta kaasa k\u00f5ik vajalik. Nagu k\u00f5ik TOKS VISOKSi kotid, on ka FIONA valmistatud Leedus k\u00e4sitsi ja armastusega.  <\/p>\n<p><strong>Info:<\/strong><\/p>\n<ul>\n<li>M\u00f5\u00f5tmised: 30 x 24 x 6 cm<\/li>\n<li>K\u00e4epide: 72 cm<\/li>\n<li>Varjatud magnet sulgemine<\/li>\n<li>\u00d5larihm<\/li>\n<li>T\u00f5mblukuga tasku<\/li>\n<li>Suurep\u00e4rane linnaelu v\u00f5i \u00f5htuse v\u00e4ljas\u00f5idu jaoks<\/li>\n<li>K\u00e4sitsi valmistatud Leedus<\/li>\n<\/ul>\n<p>Laevandus: 4-7 t\u00f6\u00f6p\u00e4eva.<\/p>\n","protected":false},"featured_media":8844,"comment_status":"open","ping_status":"closed","template":"","meta":{"_acf_changed":false},"pwb-brand":[],"product_brand":[],"product_cat":[343],"product_tag":[],"class_list":{"0":"post-8836","1":"product","2":"type-product","3":"status-publish","4":"has-post-thumbnail","6":"product_cat-kaekotid","8":"first","9":"outofstock","10":"taxable","11":"shipping-taxable","12":"purchasable","13":"product-type-simple"},"acf":[],"brands":[],"_links":{"self":[{"href":"https:\/\/nordicbags.eu\/et\/wp-json\/wp\/v2\/product\/8836","targetHints":{"allow":["GET"]}}],"collection":[{"href":"https:\/\/nordicbags.eu\/et\/wp-json\/wp\/v2\/product"}],"about":[{"href":"https:\/\/nordicbags.eu\/et\/wp-json\/wp\/v2\/types\/product"}],"replies":[{"embeddable":true,"href":"https:\/\/nordicbags.eu\/et\/wp-json\/wp\/v2\/comments?post=8836"}],"wp:featuredmedia":[{"embeddable":true,"href":"https:\/\/nordicbags.eu\/et\/wp-json\/wp\/v2\/media\/8844"}],"wp:attachment":[{"href":"https:\/\/nordicbags.eu\/et\/wp-json\/wp\/v2\/media?parent=8836"}],"wp:term":[{"taxonomy":"pwb-brand","embeddable":true,"href":"https:\/\/nordicbags.eu\/et\/wp-json\/wp\/v2\/pwb-brand?post=8836"},{"taxonomy":"product_brand","embeddable":true,"href":"https:\/\/nordicbags.eu\/et\/wp-json\/wp\/v2\/product_brand?post=8836"},{"taxonomy":"product_cat","embeddable":true,"href":"https:\/\/nordicbags.eu\/et\/wp-json\/wp\/v2\/product_cat?post=8836"},{"taxonomy":"product_tag","embeddable":true,"href":"https:\/\/nordicbags.eu\/et\/wp-json\/wp\/v2\/product_tag?post=8836"}],"curies":[{"name":"wp","href":"https:\/\/api.w.org\/{rel}","templated":true}]}}