{"id":8837,"date":"2024-02-08T10:19:35","date_gmt":"2024-02-08T10:19:35","guid":{"rendered":"https:\/\/nordicbags.eu\/peegeldav-tote-splash\/"},"modified":"2025-06-02T21:41:01","modified_gmt":"2025-06-02T21:41:01","slug":"peegeldav-tote-splash","status":"publish","type":"product","link":"https:\/\/nordicbags.eu\/et\/toode\/peegeldav-tote-splash\/","title":{"rendered":"Peegeldav Tote SPLASH"},"content":{"rendered":"","protected":false},"excerpt":{"rendered":"<p><strong>MARCH peegeldav kandekott p\u00e4\u00e4stmiseks!<\/strong><\/p>\n<p>MARCH helkurkott t\u00f6\u00f6tab p\u00e4eval nagu teie tavaline lemmik kott ja p\u00e4rast p\u00e4ikeseloojangut on see topelt helkur.<br \/>\nKosmosest inspireeritud kujundus katab koti \u00fche k\u00fclje, samas kui teine j\u00e4\u00e4b mustaks.<br \/>\nTugeva puuvillase materjali t\u00f5ttu sobib see ideaalselt teie galeriikataloogide ja toidukaupade jaoks, samas kui sisetasku aitab hoida k\u00f5iki v\u00e4ikseid asju kontrolli all.<br \/>\nOhutusnarkomaanide fakt: kandekotti kantakse samal k\u00f5rgusel, kus autotuled paistavad k\u00f5ige intensiivsemalt.<br \/>\nSee peegeldav kandekott s\u00e4rab, helendab ja helendab nagu Linnutee igal viisil.    <\/p>\n<p>MARCH Design Studio on 2012. aastal asutatud tootearendusettev\u00f5te.<br \/>\nAlustades kohaliku ettev\u00f5ttena Vilniuses &#8211; m\u00f5ne aasta p\u00e4rast on stuudiost saanud rahvusvaheliselt tunnustatud kaubam\u00e4rk, mille tooteid m\u00fc\u00fcakse enam kui 50 riigis \u00fcle maailma. <\/p>\n<ul>\n<li>Pikaajaline ja peegeldav tr\u00fckis ja tekstiil<\/li>\n<li>Sisemine tasku<\/li>\n<li>Pakitud kenasse musta papp\u00fcmbrikusse<\/li>\n<li>Materjal: 65% pol\u00fcester, 35% puuvill<\/li>\n<li>OEKO-TEX\u00ae STANDARD 100<\/li>\n<li>35 x 42 cm<\/li>\n<li>Valmistatud Euroopas<\/li>\n<li>Kujundanud Martynas Kazimier\u0117nas<\/li>\n<\/ul>\n<p>Kohaletoimetamine ELis: 4-8 t\u00f6\u00f6p\u00e4eva.<br \/>\nKohaletoimetamine Baltikumis ja Soomes: 2-5 t\u00f6\u00f6p\u00e4eva. <\/p>\n","protected":false},"featured_media":8841,"comment_status":"open","ping_status":"closed","template":"","meta":{"_acf_changed":false},"pwb-brand":[],"product_brand":[],"product_cat":[374],"product_tag":[],"class_list":{"0":"post-8837","1":"product","2":"type-product","3":"status-publish","4":"has-post-thumbnail","6":"product_cat-ostukotid","8":"first","9":"instock","10":"taxable","11":"shipping-taxable","12":"purchasable","13":"product-type-simple"},"acf":[],"brands":[],"_links":{"self":[{"href":"https:\/\/nordicbags.eu\/et\/wp-json\/wp\/v2\/product\/8837","targetHints":{"allow":["GET"]}}],"collection":[{"href":"https:\/\/nordicbags.eu\/et\/wp-json\/wp\/v2\/product"}],"about":[{"href":"https:\/\/nordicbags.eu\/et\/wp-json\/wp\/v2\/types\/product"}],"replies":[{"embeddable":true,"href":"https:\/\/nordicbags.eu\/et\/wp-json\/wp\/v2\/comments?post=8837"}],"wp:featuredmedia":[{"embeddable":true,"href":"https:\/\/nordicbags.eu\/et\/wp-json\/wp\/v2\/media\/8841"}],"wp:attachment":[{"href":"https:\/\/nordicbags.eu\/et\/wp-json\/wp\/v2\/media?parent=8837"}],"wp:term":[{"taxonomy":"pwb-brand","embeddable":true,"href":"https:\/\/nordicbags.eu\/et\/wp-json\/wp\/v2\/pwb-brand?post=8837"},{"taxonomy":"product_brand","embeddable":true,"href":"https:\/\/nordicbags.eu\/et\/wp-json\/wp\/v2\/product_brand?post=8837"},{"taxonomy":"product_cat","embeddable":true,"href":"https:\/\/nordicbags.eu\/et\/wp-json\/wp\/v2\/product_cat?post=8837"},{"taxonomy":"product_tag","embeddable":true,"href":"https:\/\/nordicbags.eu\/et\/wp-json\/wp\/v2\/product_tag?post=8837"}],"curies":[{"name":"wp","href":"https:\/\/api.w.org\/{rel}","templated":true}]}}