{"id":8868,"date":"2024-02-08T10:34:19","date_gmt":"2024-02-08T10:34:19","guid":{"rendered":"https:\/\/nordicbags.eu\/amber-kaekott-coco\/"},"modified":"2024-02-08T10:34:19","modified_gmt":"2024-02-08T10:34:19","slug":"amber-kaekott-coco","status":"publish","type":"product","link":"https:\/\/nordicbags.eu\/et\/toode\/amber-kaekott-coco\/","title":{"rendered":"AMBER k\u00e4ekott &#8211; Coco"},"content":{"rendered":"","protected":false},"excerpt":{"rendered":"<p>Avar igap\u00e4evane k\u00e4ekott <strong>AMBER<\/strong>.<br \/>\nSee on suur, mitmeotstarbeline ja kauakestev.<br \/>\n\u00dclisuurel k\u00e4sitsi valmistatud kotil on kaks esitasku ja salajane t\u00f5mblukuga tasku sees.<br \/>\nPikad k\u00e4epidemed v\u00f5imaldavad kanda \u00f5lal.<br \/>\nMahutab s\u00fclearvuti, dokumendid, raamatud ja muud esemed.    <\/p>\n<p>Nahk on v\u00e4ga vastupidav nahk pikaajaliseks kandmiseks, kuid palun hoolitsege koti eest, et see kestaks kauem &#8211; impregneerimine on v\u00e4ga soovitatav, sprei v\u00f5i kreem t\u00f6\u00f6tab suurep\u00e4raselt.<\/p>\n<p><strong>Info:<\/strong><\/p>\n<ul>\n<li>M\u00f5\u00f5tmised: L 44 x K 31 cm<\/li>\n<li>K\u00fcljed ja p\u00f5hi: 11 cm<\/li>\n<li>K\u00e4epidemed: 57 cm<\/li>\n<li>T\u00f5mbluku sulgemine<\/li>\n<li>V\u00e4ga ebat\u00f5en\u00e4oline<\/li>\n<li>Tugevad ja kindlad k\u00e4epidemed<\/li>\n<li>Kaks esitasku ja salajane lukuga tasku sees.<\/li>\n<li>K\u00e4sitsi valmistatud Leedus<\/li>\n<\/ul>\n<p>Laevandus: 4-7 t\u00f6\u00f6p\u00e4eva.<\/p>\n","protected":false},"featured_media":8869,"comment_status":"open","ping_status":"closed","template":"","meta":{"_acf_changed":false},"pwb-brand":[],"product_brand":[],"product_cat":[343],"product_tag":[],"class_list":{"0":"post-8868","1":"product","2":"type-product","3":"status-publish","4":"has-post-thumbnail","6":"product_cat-kaekotid","8":"first","9":"outofstock","10":"taxable","11":"shipping-taxable","12":"purchasable","13":"product-type-simple"},"acf":[],"brands":[],"_links":{"self":[{"href":"https:\/\/nordicbags.eu\/et\/wp-json\/wp\/v2\/product\/8868","targetHints":{"allow":["GET"]}}],"collection":[{"href":"https:\/\/nordicbags.eu\/et\/wp-json\/wp\/v2\/product"}],"about":[{"href":"https:\/\/nordicbags.eu\/et\/wp-json\/wp\/v2\/types\/product"}],"replies":[{"embeddable":true,"href":"https:\/\/nordicbags.eu\/et\/wp-json\/wp\/v2\/comments?post=8868"}],"wp:featuredmedia":[{"embeddable":true,"href":"https:\/\/nordicbags.eu\/et\/wp-json\/wp\/v2\/media\/8869"}],"wp:attachment":[{"href":"https:\/\/nordicbags.eu\/et\/wp-json\/wp\/v2\/media?parent=8868"}],"wp:term":[{"taxonomy":"pwb-brand","embeddable":true,"href":"https:\/\/nordicbags.eu\/et\/wp-json\/wp\/v2\/pwb-brand?post=8868"},{"taxonomy":"product_brand","embeddable":true,"href":"https:\/\/nordicbags.eu\/et\/wp-json\/wp\/v2\/product_brand?post=8868"},{"taxonomy":"product_cat","embeddable":true,"href":"https:\/\/nordicbags.eu\/et\/wp-json\/wp\/v2\/product_cat?post=8868"},{"taxonomy":"product_tag","embeddable":true,"href":"https:\/\/nordicbags.eu\/et\/wp-json\/wp\/v2\/product_tag?post=8868"}],"curies":[{"name":"wp","href":"https:\/\/api.w.org\/{rel}","templated":true}]}}