{"id":8876,"date":"2024-02-08T10:34:26","date_gmt":"2024-02-08T10:34:26","guid":{"rendered":"https:\/\/nordicbags.eu\/astoria-kaekott-must-mokkamatt\/"},"modified":"2024-02-08T10:34:26","modified_gmt":"2024-02-08T10:34:26","slug":"astoria-kaekott-must-mokkamatt","status":"publish","type":"product","link":"https:\/\/nordicbags.eu\/et\/toode\/astoria-kaekott-must-mokkamatt\/","title":{"rendered":"ASTORIA k\u00e4ekott &#8211; must mokkamatt"},"content":{"rendered":"","protected":false},"excerpt":{"rendered":"<p>K\u00e4sitsi valmistatud minimalistlik k\u00e4ekott ASTORIA igap\u00e4evaseks kasutamiseks.<br \/>\nAvaral kotil on lai avaus ja see sulgub n\u00f6\u00f6pn\u00f5elaga.<br \/>\nKoti tagak\u00fcljel on t\u00f5mblukuga tasku.<br \/>\nASTORIAt saab kanda \u00fcle \u00f5la v\u00f5i ristkinnitusena &#8211; kotil on \u00fcks l\u00fchike ja \u00fcks pikk reguleeritav rihm.<br \/>\nNagu k\u00f5ik TOKS VISOKSi kotid, on ka ASTORIA valmistatud Leedus k\u00e4sitsi ja armastusega.    <\/p>\n<p>Nahk on v\u00e4ga vastupidav nahk pikaajaliseks kandmiseks, kuid palun hoolitsege koti eest, et see kestaks kauem &#8211; impregneerimine on v\u00e4ga soovitatav, sprei v\u00f5i kreem t\u00f6\u00f6tab suurep\u00e4raselt.<\/p>\n<p><strong>Info:<\/strong><\/p>\n<ul>\n<li>M\u00f5\u00f5tmised: 30 x 21 x 6 cm<\/li>\n<li>\u00d5larihm<\/li>\n<li>Pikk reguleeritav rihm<\/li>\n<li>T\u00f5mblukuga tasku<\/li>\n<li>Suurep\u00e4rane linnaelu v\u00f5i \u00f5htuse v\u00e4ljas\u00f5idu jaoks<\/li>\n<li>K\u00e4sitsi valmistatud Leedus<\/li>\n<\/ul>\n<p>Laevandus: 4-7 t\u00f6\u00f6p\u00e4eva.<\/p>\n","protected":false},"featured_media":8878,"comment_status":"open","ping_status":"closed","template":"","meta":{"_acf_changed":false},"pwb-brand":[],"product_brand":[],"product_cat":[343],"product_tag":[],"class_list":{"0":"post-8876","1":"product","2":"type-product","3":"status-publish","4":"has-post-thumbnail","6":"product_cat-kaekotid","8":"first","9":"instock","10":"taxable","11":"shipping-taxable","12":"purchasable","13":"product-type-simple"},"acf":[],"brands":[],"_links":{"self":[{"href":"https:\/\/nordicbags.eu\/et\/wp-json\/wp\/v2\/product\/8876","targetHints":{"allow":["GET"]}}],"collection":[{"href":"https:\/\/nordicbags.eu\/et\/wp-json\/wp\/v2\/product"}],"about":[{"href":"https:\/\/nordicbags.eu\/et\/wp-json\/wp\/v2\/types\/product"}],"replies":[{"embeddable":true,"href":"https:\/\/nordicbags.eu\/et\/wp-json\/wp\/v2\/comments?post=8876"}],"wp:featuredmedia":[{"embeddable":true,"href":"https:\/\/nordicbags.eu\/et\/wp-json\/wp\/v2\/media\/8878"}],"wp:attachment":[{"href":"https:\/\/nordicbags.eu\/et\/wp-json\/wp\/v2\/media?parent=8876"}],"wp:term":[{"taxonomy":"pwb-brand","embeddable":true,"href":"https:\/\/nordicbags.eu\/et\/wp-json\/wp\/v2\/pwb-brand?post=8876"},{"taxonomy":"product_brand","embeddable":true,"href":"https:\/\/nordicbags.eu\/et\/wp-json\/wp\/v2\/product_brand?post=8876"},{"taxonomy":"product_cat","embeddable":true,"href":"https:\/\/nordicbags.eu\/et\/wp-json\/wp\/v2\/product_cat?post=8876"},{"taxonomy":"product_tag","embeddable":true,"href":"https:\/\/nordicbags.eu\/et\/wp-json\/wp\/v2\/product_tag?post=8876"}],"curies":[{"name":"wp","href":"https:\/\/api.w.org\/{rel}","templated":true}]}}