{"id":8877,"date":"2024-02-08T10:34:56","date_gmt":"2024-02-08T10:34:56","guid":{"rendered":"https:\/\/nordicbags.eu\/stockholmi-seljakott-must\/"},"modified":"2024-09-15T12:39:05","modified_gmt":"2024-09-15T12:39:05","slug":"stockholmi-seljakott-must","status":"publish","type":"product","link":"https:\/\/nordicbags.eu\/et\/toode\/stockholmi-seljakott-must\/","title":{"rendered":"Stockholmi seljakott &#8211; must"},"content":{"rendered":"","protected":false},"excerpt":{"rendered":"<p>Meie uus <strong>Stockholmi seljakott<\/strong> on valmistatud vastupidavast, vetth\u00fclgavast kangast ja sellel on uued lahedad eri toonides nahkdetailid.<br \/>\nK\u00f5ik muu on sama hea kui varem: mugavad taskud ja vargusvastane lukk (YKK Quick &amp; Easy Lock System t\u00f5mblukk; ), mis teeb sellest kotist parima reisikaaslase ja igap\u00e4evase \u00e4rak\u00e4imise koti.<br \/>\nLisaks suurele t\u00f5mblukuga lukuga taskule ja v\u00e4ikesele t\u00f5mblukuga taskule koti esik\u00fcljel on koti sees ka s\u00fclearvuti jaoks m\u00f5eldud lahter, kuhu mahub kuni 14-tolline s\u00fclearvuti.<br \/>\nKanna seda seljakoti v\u00f5i k\u00e4ekotina &#8211; see on sinu valik!<br \/>\nSeljakoti m\u00f5\u00f5tmed on 35 x 35 x 8 cm, kaal 790 grammi.    <\/p>\n<p><a href=\"https:\/\/youtu.be\/GW40qrb4dw4\">Vaadake, kuidas lukku kasutada<\/a>.<br \/>\nSee on lihtne, me lubame. <\/p>\n<p>K\u00f5ik TOKU tooted on valmistatud k\u00e4sitsi L\u00f5una-Eestis v\u00e4ikeses pereettev\u00f5ttes, mis on valmistanud suurep\u00e4raseid tooteid alates 1927. aastast.<br \/>\nNad praktiseerivad aeglast moodi, kasutades looduslikke, kvaliteetseid materjale ja luues mitmek\u00fclgseid, kauakestvaid stiile, tagades, et Toku tooted teenivad sind aastaid. <\/p>\n<ul>\n<li>M\u00f5\u00f5tmed: 35 x 35 x 8 cm<\/li>\n<li>Kaal: 790 g<\/li>\n<li>Tootja: TOKU<\/li>\n<li>Disainitud ja valmistatud Eestis, Euroopas<\/li>\n<\/ul>\n<p>Kohaletoimetamine ELis: 4-8 t\u00f6\u00f6p\u00e4eva.<br \/>\nKohaletoimetamine Baltikumis ja Soomes: 2-5 t\u00f6\u00f6p\u00e4eva. <\/p>\n","protected":false},"featured_media":8885,"comment_status":"open","ping_status":"closed","template":"","meta":{"_acf_changed":false},"pwb-brand":[],"product_brand":[],"product_cat":[330],"product_tag":[],"class_list":{"0":"post-8877","1":"product","2":"type-product","3":"status-publish","4":"has-post-thumbnail","6":"product_cat-seljakotid-ja-paevakotid","8":"first","9":"instock","10":"taxable","11":"shipping-taxable","12":"purchasable","13":"product-type-simple"},"acf":[],"brands":[],"_links":{"self":[{"href":"https:\/\/nordicbags.eu\/et\/wp-json\/wp\/v2\/product\/8877","targetHints":{"allow":["GET"]}}],"collection":[{"href":"https:\/\/nordicbags.eu\/et\/wp-json\/wp\/v2\/product"}],"about":[{"href":"https:\/\/nordicbags.eu\/et\/wp-json\/wp\/v2\/types\/product"}],"replies":[{"embeddable":true,"href":"https:\/\/nordicbags.eu\/et\/wp-json\/wp\/v2\/comments?post=8877"}],"wp:featuredmedia":[{"embeddable":true,"href":"https:\/\/nordicbags.eu\/et\/wp-json\/wp\/v2\/media\/8885"}],"wp:attachment":[{"href":"https:\/\/nordicbags.eu\/et\/wp-json\/wp\/v2\/media?parent=8877"}],"wp:term":[{"taxonomy":"pwb-brand","embeddable":true,"href":"https:\/\/nordicbags.eu\/et\/wp-json\/wp\/v2\/pwb-brand?post=8877"},{"taxonomy":"product_brand","embeddable":true,"href":"https:\/\/nordicbags.eu\/et\/wp-json\/wp\/v2\/product_brand?post=8877"},{"taxonomy":"product_cat","embeddable":true,"href":"https:\/\/nordicbags.eu\/et\/wp-json\/wp\/v2\/product_cat?post=8877"},{"taxonomy":"product_tag","embeddable":true,"href":"https:\/\/nordicbags.eu\/et\/wp-json\/wp\/v2\/product_tag?post=8877"}],"curies":[{"name":"wp","href":"https:\/\/api.w.org\/{rel}","templated":true}]}}