{"id":8899,"date":"2024-02-08T10:34:57","date_gmt":"2024-02-08T10:34:57","guid":{"rendered":"https:\/\/nordicbags.eu\/piper-rahakott\/"},"modified":"2024-09-15T12:39:06","modified_gmt":"2024-09-15T12:39:06","slug":"piper-rahakott","status":"publish","type":"product","link":"https:\/\/nordicbags.eu\/et\/toode\/piper-rahakott\/","title":{"rendered":"PIPER rahakott"},"content":{"rendered":"","protected":false},"excerpt":{"rendered":"<p>K\u00e4sitsi valmistatud taimse v\u00e4rviga nahast rahakott <strong>PIPER<\/strong>.<br \/>\nRuudukujulisel kotil on lai avaus ja see sulgub pingutava rihma abil.<br \/>\nVaatamata keskmise suurusega kotti mahuvad k\u00f5ik olulised asjad &#8211; telefon, rahakott, p\u00e4ikeseprillid, v\u00f5tmed.  <\/p>\n<p><strong>Info:<\/strong><\/p>\n<ul>\n<li>K\u00e4sitsi valmistatud taimse v\u00e4rvitud nahast rahakott<\/li>\n<li>\u00dcks 50 cm pikkune rihm<\/li>\n<li>M\u00f5\u00f5tmised: 22 x 15 cm<\/li>\n<li>Suletakse rihma pingutamisega<\/li>\n<li>Ruumikas sisu jaoks<\/li>\n<\/ul>\n<p>Kohaletoimetamine 3-7 t\u00f6\u00f6p\u00e4eva jooksul<\/p>\n","protected":false},"featured_media":8901,"comment_status":"open","ping_status":"closed","template":"","meta":{"_acf_changed":false},"pwb-brand":[],"product_brand":[],"product_cat":[343],"product_tag":[],"class_list":{"0":"post-8899","1":"product","2":"type-product","3":"status-publish","4":"has-post-thumbnail","6":"product_cat-kaekotid","8":"first","9":"outofstock","10":"taxable","11":"shipping-taxable","12":"purchasable","13":"product-type-simple"},"acf":[],"brands":[],"_links":{"self":[{"href":"https:\/\/nordicbags.eu\/et\/wp-json\/wp\/v2\/product\/8899","targetHints":{"allow":["GET"]}}],"collection":[{"href":"https:\/\/nordicbags.eu\/et\/wp-json\/wp\/v2\/product"}],"about":[{"href":"https:\/\/nordicbags.eu\/et\/wp-json\/wp\/v2\/types\/product"}],"replies":[{"embeddable":true,"href":"https:\/\/nordicbags.eu\/et\/wp-json\/wp\/v2\/comments?post=8899"}],"wp:featuredmedia":[{"embeddable":true,"href":"https:\/\/nordicbags.eu\/et\/wp-json\/wp\/v2\/media\/8901"}],"wp:attachment":[{"href":"https:\/\/nordicbags.eu\/et\/wp-json\/wp\/v2\/media?parent=8899"}],"wp:term":[{"taxonomy":"pwb-brand","embeddable":true,"href":"https:\/\/nordicbags.eu\/et\/wp-json\/wp\/v2\/pwb-brand?post=8899"},{"taxonomy":"product_brand","embeddable":true,"href":"https:\/\/nordicbags.eu\/et\/wp-json\/wp\/v2\/product_brand?post=8899"},{"taxonomy":"product_cat","embeddable":true,"href":"https:\/\/nordicbags.eu\/et\/wp-json\/wp\/v2\/product_cat?post=8899"},{"taxonomy":"product_tag","embeddable":true,"href":"https:\/\/nordicbags.eu\/et\/wp-json\/wp\/v2\/product_tag?post=8899"}],"curies":[{"name":"wp","href":"https:\/\/api.w.org\/{rel}","templated":true}]}}