{"id":8916,"date":"2024-02-09T08:53:20","date_gmt":"2024-02-09T08:53:20","guid":{"rendered":"https:\/\/nordicbags.eu\/seljakott-blue-mountains\/"},"modified":"2025-05-31T03:27:31","modified_gmt":"2025-05-31T03:27:31","slug":"seljakott-blue-mountains","status":"publish","type":"product","link":"https:\/\/nordicbags.eu\/et\/toode\/seljakott-blue-mountains\/","title":{"rendered":"Seljakott &#8211; Blue Mountains"},"content":{"rendered":"","protected":false},"excerpt":{"rendered":"<p>Tee oma igap\u00e4evaelu lihtsamaks BLUE MOUNTAINS seljakotiga, mis on minimalistlik ja kerge seljakott, mis sobib ideaalselt pargisse, kontorisse v\u00f5i kuhu iganes p\u00e4ev sind viib!<br \/>\nSee stiilne, tr\u00fckitud kott paneb sind silma paistma ja pakub piisavalt ruumi igap\u00e4evaste h\u00e4davajalike asjade hoidmiseks. <\/p>\n<p><strong>Materjal:<\/strong><\/p>\n<p><strong>\u00dclemine osa<\/strong>: sametkangas MUNI kujundusega &#8220;Bue mountains&#8221;. <strong>Alumine osa:<\/strong> veekindel tugev pol\u00fcester tumesinises v\u00e4rvitoonis. <strong>Vooder:<\/strong> must kangas.<\/p>\n<p>Kaks reguleeritavat \u00f5larihma tagavad mugavuse.<\/p>\n<p>Seljakotil on t\u00f5mblukk, kaks sisetaskut ja suur tasku 13\u2033 s\u00fclearvuti jaoks.<\/p>\n<p><strong>M\u00f5\u00f5tmised<\/strong><\/p>\n<p>K\u00f5rgus: 44 cm Laius: 36 cm<\/p>\n","protected":false},"featured_media":8918,"comment_status":"open","ping_status":"closed","template":"","meta":{"_acf_changed":false},"pwb-brand":[],"product_brand":[],"product_cat":[330],"product_tag":[],"class_list":{"0":"post-8916","1":"product","2":"type-product","3":"status-publish","4":"has-post-thumbnail","6":"product_cat-seljakotid-ja-paevakotid","8":"first","9":"instock","10":"taxable","11":"shipping-taxable","12":"purchasable","13":"product-type-simple"},"acf":[],"brands":[],"_links":{"self":[{"href":"https:\/\/nordicbags.eu\/et\/wp-json\/wp\/v2\/product\/8916","targetHints":{"allow":["GET"]}}],"collection":[{"href":"https:\/\/nordicbags.eu\/et\/wp-json\/wp\/v2\/product"}],"about":[{"href":"https:\/\/nordicbags.eu\/et\/wp-json\/wp\/v2\/types\/product"}],"replies":[{"embeddable":true,"href":"https:\/\/nordicbags.eu\/et\/wp-json\/wp\/v2\/comments?post=8916"}],"wp:featuredmedia":[{"embeddable":true,"href":"https:\/\/nordicbags.eu\/et\/wp-json\/wp\/v2\/media\/8918"}],"wp:attachment":[{"href":"https:\/\/nordicbags.eu\/et\/wp-json\/wp\/v2\/media?parent=8916"}],"wp:term":[{"taxonomy":"pwb-brand","embeddable":true,"href":"https:\/\/nordicbags.eu\/et\/wp-json\/wp\/v2\/pwb-brand?post=8916"},{"taxonomy":"product_brand","embeddable":true,"href":"https:\/\/nordicbags.eu\/et\/wp-json\/wp\/v2\/product_brand?post=8916"},{"taxonomy":"product_cat","embeddable":true,"href":"https:\/\/nordicbags.eu\/et\/wp-json\/wp\/v2\/product_cat?post=8916"},{"taxonomy":"product_tag","embeddable":true,"href":"https:\/\/nordicbags.eu\/et\/wp-json\/wp\/v2\/product_tag?post=8916"}],"curies":[{"name":"wp","href":"https:\/\/api.w.org\/{rel}","templated":true}]}}