{"id":8934,"date":"2024-02-09T09:35:45","date_gmt":"2024-02-09T09:35:45","guid":{"rendered":"https:\/\/nordicbags.eu\/vaike-umbrikupank-punane\/"},"modified":"2024-09-15T12:39:08","modified_gmt":"2024-09-15T12:39:08","slug":"vaike-umbrikupank-punane","status":"publish","type":"product","link":"https:\/\/nordicbags.eu\/et\/toode\/vaike-umbrikupank-punane\/","title":{"rendered":"V\u00e4ike \u00fcmbrikupank &#8211; punane"},"content":{"rendered":"","protected":false},"excerpt":{"rendered":"<p>Kompaktne ja klassikalise disainiga \u00fcmbrikupank.<\/p>\n<p>\u00dcksikasjad:<\/p>\n<ul>\n<li>M\u00f5\u00f5tmed 11 x 7,5 cm<\/li>\n<li>\u00dcks krediitkaardipesa<\/li>\n<li>\u00dcks suur n\u00f6\u00f6pkinnitusega sisetasku kviitungite, sularaha v\u00f5i kaardi jaoks.<\/li>\n<li>RR logo detail<\/li>\n<li>Press n\u00f6\u00f6pide sulgemine<\/li>\n<li>K\u00e4sitsi valmistatud L\u00e4tis<\/li>\n<\/ul><\/p>\n","protected":false},"featured_media":8944,"comment_status":"open","ping_status":"closed","template":"","meta":{"_acf_changed":false},"pwb-brand":[],"product_brand":[],"product_cat":[369,363],"product_tag":[],"class_list":{"0":"post-8934","1":"product","2":"type-product","3":"status-publish","4":"has-post-thumbnail","6":"product_cat-naiste-rahakotid-ja-rahakotid","7":"product_cat-rahakotid-ja-kaardihoidjad","9":"first","10":"instock","11":"taxable","12":"shipping-taxable","13":"purchasable","14":"product-type-simple"},"acf":[],"brands":[],"_links":{"self":[{"href":"https:\/\/nordicbags.eu\/et\/wp-json\/wp\/v2\/product\/8934","targetHints":{"allow":["GET"]}}],"collection":[{"href":"https:\/\/nordicbags.eu\/et\/wp-json\/wp\/v2\/product"}],"about":[{"href":"https:\/\/nordicbags.eu\/et\/wp-json\/wp\/v2\/types\/product"}],"replies":[{"embeddable":true,"href":"https:\/\/nordicbags.eu\/et\/wp-json\/wp\/v2\/comments?post=8934"}],"wp:featuredmedia":[{"embeddable":true,"href":"https:\/\/nordicbags.eu\/et\/wp-json\/wp\/v2\/media\/8944"}],"wp:attachment":[{"href":"https:\/\/nordicbags.eu\/et\/wp-json\/wp\/v2\/media?parent=8934"}],"wp:term":[{"taxonomy":"pwb-brand","embeddable":true,"href":"https:\/\/nordicbags.eu\/et\/wp-json\/wp\/v2\/pwb-brand?post=8934"},{"taxonomy":"product_brand","embeddable":true,"href":"https:\/\/nordicbags.eu\/et\/wp-json\/wp\/v2\/product_brand?post=8934"},{"taxonomy":"product_cat","embeddable":true,"href":"https:\/\/nordicbags.eu\/et\/wp-json\/wp\/v2\/product_cat?post=8934"},{"taxonomy":"product_tag","embeddable":true,"href":"https:\/\/nordicbags.eu\/et\/wp-json\/wp\/v2\/product_tag?post=8934"}],"curies":[{"name":"wp","href":"https:\/\/api.w.org\/{rel}","templated":true}]}}