{"id":8947,"date":"2024-02-09T09:07:27","date_gmt":"2024-02-09T09:07:27","guid":{"rendered":"https:\/\/nordicbags.eu\/seljakott-kakadu\/"},"modified":"2025-05-29T20:37:29","modified_gmt":"2025-05-29T20:37:29","slug":"seljakott-kakadu","status":"publish","type":"product","link":"https:\/\/nordicbags.eu\/et\/toode\/seljakott-kakadu\/","title":{"rendered":"Seljakott &#8211; Kakadu"},"content":{"rendered":"","protected":false},"excerpt":{"rendered":"<p>COCKATOO seljakotiga j\u00e4tad p\u00fcsiva mulje.<br \/>\nT\u00e4nu kergele disainile ja reguleeritavatele rihmadele on see ideaalne kaaslane igap\u00e4evasteks seiklusteks, olgu siis pargis v\u00f5i kontoris.<br \/>\nLendu mugavalt ja stiilselt.  <\/p>\n<p><strong>\u00dclemine osa<\/strong>: sametkangas, millel on MUNI v\u00e4rvitud ja tr\u00fckitud &#8220;COCKATOO&#8221; kujundus. <strong>Alumine osa:<\/strong> veekindel tugev pol\u00fcester, halli v\u00e4rvi. <strong>Vooder:<\/strong> halli v\u00e4rvi kangas.<\/p>\n<p>Kaks reguleeritavat \u00f5larihma tagavad mugavuse.<\/p>\n<p>Seljakotil on t\u00f5mblukk, kaks sisetaskut ja suur tasku 13\u2033 s\u00fclearvuti jaoks.<\/p>\n<p><strong>M\u00f5\u00f5tmised<\/strong><\/p>\n<p>K\u00f5rgus: 38 cm Laius: 34 cm<\/p>\n","protected":false},"featured_media":8949,"comment_status":"open","ping_status":"closed","template":"","meta":{"_acf_changed":false},"pwb-brand":[],"product_brand":[],"product_cat":[330],"product_tag":[],"class_list":{"0":"post-8947","1":"product","2":"type-product","3":"status-publish","4":"has-post-thumbnail","6":"product_cat-seljakotid-ja-paevakotid","8":"first","9":"instock","10":"taxable","11":"shipping-taxable","12":"purchasable","13":"product-type-simple"},"acf":[],"brands":[],"_links":{"self":[{"href":"https:\/\/nordicbags.eu\/et\/wp-json\/wp\/v2\/product\/8947","targetHints":{"allow":["GET"]}}],"collection":[{"href":"https:\/\/nordicbags.eu\/et\/wp-json\/wp\/v2\/product"}],"about":[{"href":"https:\/\/nordicbags.eu\/et\/wp-json\/wp\/v2\/types\/product"}],"replies":[{"embeddable":true,"href":"https:\/\/nordicbags.eu\/et\/wp-json\/wp\/v2\/comments?post=8947"}],"wp:featuredmedia":[{"embeddable":true,"href":"https:\/\/nordicbags.eu\/et\/wp-json\/wp\/v2\/media\/8949"}],"wp:attachment":[{"href":"https:\/\/nordicbags.eu\/et\/wp-json\/wp\/v2\/media?parent=8947"}],"wp:term":[{"taxonomy":"pwb-brand","embeddable":true,"href":"https:\/\/nordicbags.eu\/et\/wp-json\/wp\/v2\/pwb-brand?post=8947"},{"taxonomy":"product_brand","embeddable":true,"href":"https:\/\/nordicbags.eu\/et\/wp-json\/wp\/v2\/product_brand?post=8947"},{"taxonomy":"product_cat","embeddable":true,"href":"https:\/\/nordicbags.eu\/et\/wp-json\/wp\/v2\/product_cat?post=8947"},{"taxonomy":"product_tag","embeddable":true,"href":"https:\/\/nordicbags.eu\/et\/wp-json\/wp\/v2\/product_tag?post=8947"}],"curies":[{"name":"wp","href":"https:\/\/api.w.org\/{rel}","templated":true}]}}