{"id":8960,"date":"2024-02-14T09:29:14","date_gmt":"2024-02-14T09:29:14","guid":{"rendered":"https:\/\/nordicbags.eu\/mudel-sling-moss\/"},"modified":"2024-09-15T12:39:11","modified_gmt":"2024-09-15T12:39:11","slug":"mudel-sling-moss","status":"publish","type":"product","link":"https:\/\/nordicbags.eu\/et\/toode\/mudel-sling-moss\/","title":{"rendered":"Mudel Sling &#8211; Moss"},"content":{"rendered":"","protected":false},"excerpt":{"rendered":"<p><strong>Model Sling<\/strong> on Craftory teine ja julgem <strong>katse luua midagi kaasaegse naise jaoks<\/strong>.<br \/>\nSee 2,5 mm paksust taimse pargiga nahast valmistatud kott esindab <strong>p\u00f5hjamaist k\u00e4sit\u00f6\u00f6oskust ja vastupidavust<\/strong>.<br \/>\nSelle <strong>ajatu, naiselik siluett \u00f5hkab enesekindlust ja graatsiat<\/strong>.  <\/p>\n<p>Kott on praktiline ja sellel on kauaoodatud <strong>t\u00f5mblukk ja sisetasku<\/strong>, mis sobib ideaalselt oluliste asjade, n\u00e4iteks v\u00f5tmete, hoiustamiseks.<br \/>\nKuid see pole veel k\u00f5ik &#8211; sellesse mahuvad vaevata teie igap\u00e4evased esemed, alates telefonidest ja rahakottidest kuni juukseharjade, m\u00e4rkmikute ja p\u00e4ikeseprillideni. <\/p>\n<p>Model Sling pakub mitmek\u00fclgsust t\u00e4nu <strong>reguleeritavatele rihmadele<\/strong>, mis v\u00f5imaldavad seda kanda <strong>\u00fcle \u00f5la<\/strong>, <strong>rinna<\/strong> v\u00f5i <strong>\u00fcle keha<\/strong>, tagades, et teil on k\u00e4ed vabad ja stiilne.<\/p>\n<ul>\n<li>Disainitud ja valmistatud Eestis<\/li>\n<li>Valmistatud kestma aastak\u00fcmneid<\/li>\n<li>Orgaaniliselt pargitud nahk T\u00e4rnsj\u00f6 parkimistehasest, Rootsi (must ja konjak) \/ Toscana, Itaalia (k\u00fcpsis).<\/li>\n<li>2 rihma 75 cm ja 124 cm<\/li>\n<li>1 v\u00e4listasku<\/li>\n<li>M\u00f5\u00f5tmised: 25 cm x 16 cm x 10 cm<\/li>\n<li>YKK t\u00f5mblukk<\/li>\n<li>Teie Model Sling j\u00f5uab kohale korduvkasutatavas puuvillases kinkekotis.<\/li>\n<\/ul>\n","protected":false},"featured_media":8962,"comment_status":"open","ping_status":"closed","template":"","meta":{"_acf_changed":false},"pwb-brand":[],"product_brand":[],"product_cat":[343,344],"product_tag":[],"class_list":{"0":"post-8960","1":"product","2":"type-product","3":"status-publish","4":"has-post-thumbnail","6":"product_cat-kaekotid","7":"product_cat-olakotid","9":"first","10":"outofstock","11":"taxable","12":"shipping-taxable","13":"purchasable","14":"product-type-simple"},"acf":[],"brands":[],"_links":{"self":[{"href":"https:\/\/nordicbags.eu\/et\/wp-json\/wp\/v2\/product\/8960","targetHints":{"allow":["GET"]}}],"collection":[{"href":"https:\/\/nordicbags.eu\/et\/wp-json\/wp\/v2\/product"}],"about":[{"href":"https:\/\/nordicbags.eu\/et\/wp-json\/wp\/v2\/types\/product"}],"replies":[{"embeddable":true,"href":"https:\/\/nordicbags.eu\/et\/wp-json\/wp\/v2\/comments?post=8960"}],"wp:featuredmedia":[{"embeddable":true,"href":"https:\/\/nordicbags.eu\/et\/wp-json\/wp\/v2\/media\/8962"}],"wp:attachment":[{"href":"https:\/\/nordicbags.eu\/et\/wp-json\/wp\/v2\/media?parent=8960"}],"wp:term":[{"taxonomy":"pwb-brand","embeddable":true,"href":"https:\/\/nordicbags.eu\/et\/wp-json\/wp\/v2\/pwb-brand?post=8960"},{"taxonomy":"product_brand","embeddable":true,"href":"https:\/\/nordicbags.eu\/et\/wp-json\/wp\/v2\/product_brand?post=8960"},{"taxonomy":"product_cat","embeddable":true,"href":"https:\/\/nordicbags.eu\/et\/wp-json\/wp\/v2\/product_cat?post=8960"},{"taxonomy":"product_tag","embeddable":true,"href":"https:\/\/nordicbags.eu\/et\/wp-json\/wp\/v2\/product_tag?post=8960"}],"curies":[{"name":"wp","href":"https:\/\/api.w.org\/{rel}","templated":true}]}}