{"id":8971,"date":"2024-02-14T08:55:54","date_gmt":"2024-02-14T08:55:54","guid":{"rendered":"https:\/\/nordicbags.eu\/rongakaepidemega-sidur-nina\/"},"modified":"2024-09-15T12:39:06","modified_gmt":"2024-09-15T12:39:06","slug":"rongakaepidemega-sidur-nina","status":"publish","type":"product","link":"https:\/\/nordicbags.eu\/et\/toode\/rongakaepidemega-sidur-nina\/","title":{"rendered":"R\u00f5ngak\u00e4epidemega sidur Nina"},"content":{"rendered":"","protected":false},"excerpt":{"rendered":"<p>T\u00f5sta oma stiili selle elegantse musta nahast k\u00e4ekotiga.<br \/>\nSee on loodud kaasaegse naise jaoks, millel on luksuslik nahast v\u00e4lispind ja silmatorkav metallist r\u00f5ngak\u00e4epide.<br \/>\nSee k\u00e4ekott sobib ideaalselt \u00f5htustele v\u00e4ljas\u00f5itudele v\u00f5i erilistele s\u00fcndmustele, sest see on teie esmat\u00e4htis aksessuaar, millega saate oma esmatarbeid stiilselt kaasas kanda.<br \/>\n\u00c4rge lihtsalt astuge sisse &#8211; tehke avaldus.   <\/p>\n<p>\u00dcksikasjad:<\/p>\n<ul>\n<li>M\u00f5\u00f5tmed: 19 x 25 cm<\/li>\n<li>T\u00f5mbluku pikkus: 19 cm<\/li>\n<li>K\u00e4sitsi valmistatud Leedus<\/li>\n<\/ul>\n<p>PYKOK on kaasaegne nahast aksessuaaride kaubam\u00e4rk, mis loob strukturaalseid esemeid.<br \/>\nKeha r\u00f5hutamiseks ja vormimiseks kasutatakse puhtaid geomeetrilisi kujundeid.<br \/>\nUniversaalsed, iseloomulikud aksessuaarid v\u00f5ivad muuta lihtsa riietuse ainulaadseks naiselikuks v\u00e4limuseks.  <\/p>\n","protected":false},"featured_media":8979,"comment_status":"open","ping_status":"closed","template":"","meta":{"_acf_changed":false},"pwb-brand":[],"product_brand":[],"product_cat":[343],"product_tag":[],"class_list":{"0":"post-8971","1":"product","2":"type-product","3":"status-publish","4":"has-post-thumbnail","6":"product_cat-kaekotid","8":"first","9":"instock","10":"taxable","11":"shipping-taxable","12":"purchasable","13":"product-type-simple"},"acf":[],"brands":[],"_links":{"self":[{"href":"https:\/\/nordicbags.eu\/et\/wp-json\/wp\/v2\/product\/8971","targetHints":{"allow":["GET"]}}],"collection":[{"href":"https:\/\/nordicbags.eu\/et\/wp-json\/wp\/v2\/product"}],"about":[{"href":"https:\/\/nordicbags.eu\/et\/wp-json\/wp\/v2\/types\/product"}],"replies":[{"embeddable":true,"href":"https:\/\/nordicbags.eu\/et\/wp-json\/wp\/v2\/comments?post=8971"}],"wp:featuredmedia":[{"embeddable":true,"href":"https:\/\/nordicbags.eu\/et\/wp-json\/wp\/v2\/media\/8979"}],"wp:attachment":[{"href":"https:\/\/nordicbags.eu\/et\/wp-json\/wp\/v2\/media?parent=8971"}],"wp:term":[{"taxonomy":"pwb-brand","embeddable":true,"href":"https:\/\/nordicbags.eu\/et\/wp-json\/wp\/v2\/pwb-brand?post=8971"},{"taxonomy":"product_brand","embeddable":true,"href":"https:\/\/nordicbags.eu\/et\/wp-json\/wp\/v2\/product_brand?post=8971"},{"taxonomy":"product_cat","embeddable":true,"href":"https:\/\/nordicbags.eu\/et\/wp-json\/wp\/v2\/product_cat?post=8971"},{"taxonomy":"product_tag","embeddable":true,"href":"https:\/\/nordicbags.eu\/et\/wp-json\/wp\/v2\/product_tag?post=8971"}],"curies":[{"name":"wp","href":"https:\/\/api.w.org\/{rel}","templated":true}]}}