{"id":8978,"date":"2024-02-14T09:08:05","date_gmt":"2024-02-14T09:08:05","guid":{"rendered":"https:\/\/nordicbags.eu\/seljakott-romeo\/"},"modified":"2025-05-29T13:21:07","modified_gmt":"2025-05-29T13:21:07","slug":"seljakott-romeo","status":"publish","type":"product","link":"https:\/\/nordicbags.eu\/et\/toode\/seljakott-romeo\/","title":{"rendered":"Seljakott Romeo"},"content":{"rendered":"","protected":false},"excerpt":{"rendered":"<p>Esmaklassilisest naturaalsest nahast valmistatud seljakott Romeo ei ole mitte lihtsalt kandev aksessuaar, vaid v\u00e4ljapeetud avaldus.<\/p>\n<p>Romeo on loodud nii, et sinna mahuksid h\u00f5lpsasti teie igap\u00e4evased h\u00e4davajalikud asjad.<br \/>\nT\u00e4nu oma m\u00f5\u00f5tmetele on see ideaalne valik nii t\u00f6\u00f6- kui ka vabaaja v\u00e4ljas\u00f5itudeks. <\/p>\n<p>\u00dcksikasjad:<\/p>\n<ul>\n<li>M\u00f5\u00f5tmed: 34 x 40 x 6 cm<\/li>\n<li>Reguleeritava pikkusega \u00f5larihmad<\/li>\n<li>Magnetiline sulgemine<\/li>\n<li>Sobib 13&#8243; s\u00fclearvuti, dokumendid<\/li>\n<li>K\u00e4sitsi valmistatud Leedus<\/li>\n<\/ul>\n<p>PYKOK on kaasaegne nahast aksessuaaride kaubam\u00e4rk, mis loob strukturaalseid esemeid.<br \/>\nKeha r\u00f5hutamiseks ja vormimiseks kasutatakse puhtaid geomeetrilisi kujundeid.<br \/>\nUniversaalsed, iseloomulikud aksessuaarid v\u00f5ivad muuta lihtsa riietuse ainulaadseks naiselikuks v\u00e4limuseks.  <\/p>\n","protected":false},"featured_media":8984,"comment_status":"open","ping_status":"closed","template":"","meta":{"_acf_changed":false},"pwb-brand":[],"product_brand":[],"product_cat":[330],"product_tag":[],"class_list":{"0":"post-8978","1":"product","2":"type-product","3":"status-publish","4":"has-post-thumbnail","6":"product_cat-seljakotid-ja-paevakotid","8":"first","9":"instock","10":"taxable","11":"shipping-taxable","12":"purchasable","13":"product-type-simple"},"acf":[],"brands":[],"_links":{"self":[{"href":"https:\/\/nordicbags.eu\/et\/wp-json\/wp\/v2\/product\/8978","targetHints":{"allow":["GET"]}}],"collection":[{"href":"https:\/\/nordicbags.eu\/et\/wp-json\/wp\/v2\/product"}],"about":[{"href":"https:\/\/nordicbags.eu\/et\/wp-json\/wp\/v2\/types\/product"}],"replies":[{"embeddable":true,"href":"https:\/\/nordicbags.eu\/et\/wp-json\/wp\/v2\/comments?post=8978"}],"wp:featuredmedia":[{"embeddable":true,"href":"https:\/\/nordicbags.eu\/et\/wp-json\/wp\/v2\/media\/8984"}],"wp:attachment":[{"href":"https:\/\/nordicbags.eu\/et\/wp-json\/wp\/v2\/media?parent=8978"}],"wp:term":[{"taxonomy":"pwb-brand","embeddable":true,"href":"https:\/\/nordicbags.eu\/et\/wp-json\/wp\/v2\/pwb-brand?post=8978"},{"taxonomy":"product_brand","embeddable":true,"href":"https:\/\/nordicbags.eu\/et\/wp-json\/wp\/v2\/product_brand?post=8978"},{"taxonomy":"product_cat","embeddable":true,"href":"https:\/\/nordicbags.eu\/et\/wp-json\/wp\/v2\/product_cat?post=8978"},{"taxonomy":"product_tag","embeddable":true,"href":"https:\/\/nordicbags.eu\/et\/wp-json\/wp\/v2\/product_tag?post=8978"}],"curies":[{"name":"wp","href":"https:\/\/api.w.org\/{rel}","templated":true}]}}