{"id":8999,"date":"2024-02-14T09:01:52","date_gmt":"2024-02-14T09:01:52","guid":{"rendered":"https:\/\/nordicbags.eu\/benjamin-seljakott-must\/"},"modified":"2025-05-30T04:06:48","modified_gmt":"2025-05-30T04:06:48","slug":"benjamin-seljakott-must","status":"publish","type":"product","link":"https:\/\/nordicbags.eu\/et\/toode\/benjamin-seljakott-must\/","title":{"rendered":"BENJAMIN Seljakott &#8211; must"},"content":{"rendered":"","protected":false},"excerpt":{"rendered":"<p>K\u00e4sitsi valmistatud nahast seljakott <strong>BENJAMIN<\/strong>, millel on kaks esitasku.<br \/>\nSeljakott on valmistatud kvaliteetsest vastupidavast nahast, mis tagab pikaajalise kandmise.<br \/>\nRuumikas kott sulgub turvaliselt klassikaliste n\u00f6\u00f6pn\u00f5eltega, mis on peidetud v\u00f6\u00f6rihmade taha.<br \/>\nMuutub k\u00e4epideme asendi vahetamise j\u00e4rel ristkinnituseks.<br \/>\nSee stiilne seljakott on mugav jalgrattas\u00f5iduks linnas.    <\/p>\n<p><strong>Info:<\/strong><\/p>\n<ul>\n<li>M\u00f5\u00f5tmised: 42 x 31 x 11 cm<\/li>\n<li>Kvaliteetne, vastupidav nahk<\/li>\n<li>Kaks rinnataskut<\/li>\n<li>Sisemine t\u00f5mblukuga tasku v\u00e4iksemate esemete ja telefoni jaoks.<\/li>\n<li>Sulgub klassikaliste n\u00f6\u00f6pn\u00f5eltega, mis on peidetud v\u00f6\u00f6paelte taha.<\/li>\n<li>Avarad<\/li>\n<li>Kaks reguleeritavat ja eemaldatavat k\u00e4epidet<\/li>\n<li>Muutub bodycross-kotiks p\u00e4rast k\u00e4epideme asendi vahetamist<\/li>\n<li>Mahutab 13\u2033 s\u00fclearvuti, dokumendid, raamatud ja muud esemed.<\/li>\n<li>K\u00e4sitsi valmistatud Leedus<\/li>\n<\/ul>\n<p>Kohaletoimetamine 3-7 t\u00f6\u00f6p\u00e4eva jooksul<\/p>\n","protected":false},"featured_media":9007,"comment_status":"open","ping_status":"closed","template":"","meta":{"_acf_changed":false},"pwb-brand":[],"product_brand":[],"product_cat":[330],"product_tag":[],"class_list":{"0":"post-8999","1":"product","2":"type-product","3":"status-publish","4":"has-post-thumbnail","6":"product_cat-seljakotid-ja-paevakotid","8":"first","9":"instock","10":"taxable","11":"shipping-taxable","12":"purchasable","13":"product-type-simple"},"acf":[],"brands":[],"_links":{"self":[{"href":"https:\/\/nordicbags.eu\/et\/wp-json\/wp\/v2\/product\/8999","targetHints":{"allow":["GET"]}}],"collection":[{"href":"https:\/\/nordicbags.eu\/et\/wp-json\/wp\/v2\/product"}],"about":[{"href":"https:\/\/nordicbags.eu\/et\/wp-json\/wp\/v2\/types\/product"}],"replies":[{"embeddable":true,"href":"https:\/\/nordicbags.eu\/et\/wp-json\/wp\/v2\/comments?post=8999"}],"wp:featuredmedia":[{"embeddable":true,"href":"https:\/\/nordicbags.eu\/et\/wp-json\/wp\/v2\/media\/9007"}],"wp:attachment":[{"href":"https:\/\/nordicbags.eu\/et\/wp-json\/wp\/v2\/media?parent=8999"}],"wp:term":[{"taxonomy":"pwb-brand","embeddable":true,"href":"https:\/\/nordicbags.eu\/et\/wp-json\/wp\/v2\/pwb-brand?post=8999"},{"taxonomy":"product_brand","embeddable":true,"href":"https:\/\/nordicbags.eu\/et\/wp-json\/wp\/v2\/product_brand?post=8999"},{"taxonomy":"product_cat","embeddable":true,"href":"https:\/\/nordicbags.eu\/et\/wp-json\/wp\/v2\/product_cat?post=8999"},{"taxonomy":"product_tag","embeddable":true,"href":"https:\/\/nordicbags.eu\/et\/wp-json\/wp\/v2\/product_tag?post=8999"}],"curies":[{"name":"wp","href":"https:\/\/api.w.org\/{rel}","templated":true}]}}