{"id":9030,"date":"2024-02-14T09:02:46","date_gmt":"2024-02-14T09:02:46","guid":{"rendered":"https:\/\/nordicbags.eu\/tour-portemonnaie-kupsised\/"},"modified":"2024-09-15T12:39:06","modified_gmt":"2024-09-15T12:39:06","slug":"tour-portemonnaie-kupsised","status":"publish","type":"product","link":"https:\/\/nordicbags.eu\/et\/toode\/tour-portemonnaie-kupsised\/","title":{"rendered":"Tour Portemonnaie &#8211; k\u00fcpsised"},"content":{"rendered":"","protected":false},"excerpt":{"rendered":"<p>See vana r\u00e4ndur on k\u00e4inud paljudes maailma paikades, millega on kaasas palju erinevaid passe.<br \/>\nSamuti v\u00f5ib see ilma probleemideta transportida paar krediitkaarti ja pardakaarti.<br \/>\nTour Portemonnaie eesm\u00e4rk on v\u00e4hendada lennujaama stressi, hoides k\u00f5ik h\u00e4davajalikud asjad \u00fches kohas.<br \/>\nOh, ja \u00e4rge muretsege, see ei hakka ka turvakontrollis naljakat h\u00e4\u00e4lt tegema!<br \/>\nSamuti t\u00f6\u00f6tab suurep\u00e4raselt tavalise vinge rahakotina!<br \/>\nSee on disainitud ja k\u00e4sitsi valmistatud Eestis.     <\/p>\n<ul>\n<li>Materjal: orgaaniliselt pargitud nahk Toscanast, Itaaliast.<\/li>\n<li>Suurus: 14 cm x 9,8 cm<\/li>\n<li>2 kergesti ligip\u00e4\u00e4setavat kaardipesa<\/li>\n<li>Sobib oma passi ja pardakaardiga<\/li>\n<li>Pakitud korduvkasutatavasse kinkekotti<\/li>\n<li>Disainitud ja valmistatud Eestis<\/li>\n<\/ul>\n","protected":false},"featured_media":9048,"comment_status":"open","ping_status":"closed","template":"","meta":{"_acf_changed":false},"pwb-brand":[],"product_brand":[],"product_cat":[363],"product_tag":[],"class_list":{"0":"post-9030","1":"product","2":"type-product","3":"status-publish","4":"has-post-thumbnail","6":"product_cat-rahakotid-ja-kaardihoidjad","8":"first","9":"outofstock","10":"taxable","11":"shipping-taxable","12":"purchasable","13":"product-type-simple"},"acf":[],"brands":[],"_links":{"self":[{"href":"https:\/\/nordicbags.eu\/et\/wp-json\/wp\/v2\/product\/9030","targetHints":{"allow":["GET"]}}],"collection":[{"href":"https:\/\/nordicbags.eu\/et\/wp-json\/wp\/v2\/product"}],"about":[{"href":"https:\/\/nordicbags.eu\/et\/wp-json\/wp\/v2\/types\/product"}],"replies":[{"embeddable":true,"href":"https:\/\/nordicbags.eu\/et\/wp-json\/wp\/v2\/comments?post=9030"}],"wp:featuredmedia":[{"embeddable":true,"href":"https:\/\/nordicbags.eu\/et\/wp-json\/wp\/v2\/media\/9048"}],"wp:attachment":[{"href":"https:\/\/nordicbags.eu\/et\/wp-json\/wp\/v2\/media?parent=9030"}],"wp:term":[{"taxonomy":"pwb-brand","embeddable":true,"href":"https:\/\/nordicbags.eu\/et\/wp-json\/wp\/v2\/pwb-brand?post=9030"},{"taxonomy":"product_brand","embeddable":true,"href":"https:\/\/nordicbags.eu\/et\/wp-json\/wp\/v2\/product_brand?post=9030"},{"taxonomy":"product_cat","embeddable":true,"href":"https:\/\/nordicbags.eu\/et\/wp-json\/wp\/v2\/product_cat?post=9030"},{"taxonomy":"product_tag","embeddable":true,"href":"https:\/\/nordicbags.eu\/et\/wp-json\/wp\/v2\/product_tag?post=9030"}],"curies":[{"name":"wp","href":"https:\/\/api.w.org\/{rel}","templated":true}]}}