{"id":9060,"date":"2024-02-14T09:22:54","date_gmt":"2024-02-14T09:22:54","guid":{"rendered":"https:\/\/nordicbags.eu\/gordon-seljakott-capuccino\/"},"modified":"2024-09-15T12:39:10","modified_gmt":"2024-09-15T12:39:10","slug":"gordon-seljakott-capuccino","status":"publish","type":"product","link":"https:\/\/nordicbags.eu\/et\/toode\/gordon-seljakott-capuccino\/","title":{"rendered":"GORDON Seljakott &#8211; Capuccino"},"content":{"rendered":"","protected":false},"excerpt":{"rendered":"<p>K\u00e4sitsi valmistatud nahast seljakott <strong>GORDON<\/strong>.<br \/>\nKotil on kolm lukuga taskut ees ja \u00fcks s\u00fclearvutikott sees.<br \/>\nMahutab 13\u2033 s\u00fclearvuti, dokumendid, raamatud ja muud esemed.<br \/>\nSuurep\u00e4rane k\u00e4sipagasiks reisimiseks.<br \/>\nKott sulgub turvaliselt sujuvalt t\u00f6\u00f6tava t\u00f5mblukuga.    <\/p>\n<p><strong>Info:<\/strong><\/p>\n<ul>\n<li>K\u00e4sitsi valmistatud nahast seljakott.<\/li>\n<li>Kolm t\u00f5mblukuga taskut ees ja \u00fcks s\u00fclearvutikott sees.<\/li>\n<li>Kott sulgub turvaliselt sujuvalt t\u00f6\u00f6tava t\u00f5mblukuga.<\/li>\n<li>Ruumikas sisu jaoks.<\/li>\n<li>Kaks reguleeritavat ja eemaldatavat rihma.<\/li>\n<li>Mahutab 13\u2033 s\u00fclearvuti, dokumendid, raamatud ja muud esemed.<\/li>\n<li>Mugav ja stiilne jalgrattaga linnas\u00f5iduks.<\/li>\n<\/ul>\n<p>Kohaletoimetamine 3-7 t\u00f6\u00f6p\u00e4eva jooksul<\/p>\n","protected":false},"featured_media":9061,"comment_status":"open","ping_status":"closed","template":"","meta":{"_acf_changed":false},"pwb-brand":[],"product_brand":[],"product_cat":[330],"product_tag":[],"class_list":{"0":"post-9060","1":"product","2":"type-product","3":"status-publish","4":"has-post-thumbnail","6":"product_cat-seljakotid-ja-paevakotid","8":"first","9":"outofstock","10":"taxable","11":"shipping-taxable","12":"purchasable","13":"product-type-simple"},"acf":[],"brands":[],"_links":{"self":[{"href":"https:\/\/nordicbags.eu\/et\/wp-json\/wp\/v2\/product\/9060","targetHints":{"allow":["GET"]}}],"collection":[{"href":"https:\/\/nordicbags.eu\/et\/wp-json\/wp\/v2\/product"}],"about":[{"href":"https:\/\/nordicbags.eu\/et\/wp-json\/wp\/v2\/types\/product"}],"replies":[{"embeddable":true,"href":"https:\/\/nordicbags.eu\/et\/wp-json\/wp\/v2\/comments?post=9060"}],"wp:featuredmedia":[{"embeddable":true,"href":"https:\/\/nordicbags.eu\/et\/wp-json\/wp\/v2\/media\/9061"}],"wp:attachment":[{"href":"https:\/\/nordicbags.eu\/et\/wp-json\/wp\/v2\/media?parent=9060"}],"wp:term":[{"taxonomy":"pwb-brand","embeddable":true,"href":"https:\/\/nordicbags.eu\/et\/wp-json\/wp\/v2\/pwb-brand?post=9060"},{"taxonomy":"product_brand","embeddable":true,"href":"https:\/\/nordicbags.eu\/et\/wp-json\/wp\/v2\/product_brand?post=9060"},{"taxonomy":"product_cat","embeddable":true,"href":"https:\/\/nordicbags.eu\/et\/wp-json\/wp\/v2\/product_cat?post=9060"},{"taxonomy":"product_tag","embeddable":true,"href":"https:\/\/nordicbags.eu\/et\/wp-json\/wp\/v2\/product_tag?post=9060"}],"curies":[{"name":"wp","href":"https:\/\/api.w.org\/{rel}","templated":true}]}}