{"id":9068,"date":"2024-02-14T09:50:32","date_gmt":"2024-02-14T09:50:32","guid":{"rendered":"https:\/\/nordicbags.eu\/marss-umbertoodeldud-kott-helehall\/"},"modified":"2024-09-15T12:38:36","modified_gmt":"2024-09-15T12:38:36","slug":"marss-umbertoodeldud-kott-helehall","status":"publish","type":"product","link":"https:\/\/nordicbags.eu\/et\/toode\/marss-umbertoodeldud-kott-helehall\/","title":{"rendered":"M\u00e4rss \u00fcmbert\u00f6\u00f6deldud kott &#8211; helehall"},"content":{"rendered":"","protected":false},"excerpt":{"rendered":"<p><strong>M\u00e4rss<\/strong> on taaskasutatud kott, mis on valmistatud k\u00e4sitsi m\u00f6\u00f6blitootmisest j\u00e4relej\u00e4\u00e4nud vastupidavast kangast.<br \/>\nKoti p\u00f5hi ja rihma detailid on valmistatud kunstnahast, mis koosneb 70% ehtsast nahast ja 30% kiudmaterjalist.<br \/>\nM\u00e4rss&#8217;i saab kanda nii k\u00e4ekoti kui ka \u00f5lakotina.<br \/>\nKuna iga kott on k\u00e4sitsi valmistatud m\u00f6\u00f6blit\u00f6\u00f6stusest \u00fcle j\u00e4\u00e4nud materjalidest, et raisata v\u00f5imalikult v\u00e4he, on iga kott ainulaadne ja v\u00e4limus v\u00f5ib pisut erineda pildil olevast kotist.<br \/>\nM\u00e4rss on disainitud ja valmistatud Eestis.    <\/p>\n<p>Trendbag valmistab k\u00e4sitsi valmistatud kotte m\u00f6\u00f6blit\u00f6\u00f6stuse j\u00e4\u00e4kidest.<br \/>\nK\u00f5ik kotid on disainitud ja toodetud Eestis.<br \/>\nM\u00f6\u00f6blit\u00f6\u00f6stuse j\u00e4\u00e4kide kasutamine t\u00e4hendab, et Trendbagi tooted on keskkonnas\u00f5bralikud ja v\u00e4ga vastupidavad, sest m\u00f6\u00f6blit\u00f6\u00f6stuses on r\u00f5ivaste vastupidavusnormid sageli palju k\u00f5rgemad kui kotit\u00f6\u00f6stuses.  <\/p>\n<p>Laevandus: 4-7 t\u00f6\u00f6p\u00e4eva<\/p>\n<p>EST: <strong>M\u00e4rss<\/strong> on multifunktsionaalne kott, mis on valmistatud k\u00e4sit\u00f6\u00f6na pehme m\u00f6\u00f6bli tootmisest \u00fcle j\u00e4\u00e4nud vastupidavatest materjalidest.<br \/>\nKoti p\u00f5hi ning rihmadetailid on valmistatud kunstnahast, mis koosneb 70% naturaalnahast ja 30% kiudmaterjalist.<br \/>\nKuna iga kott tehakse k\u00e4sit\u00f6\u00f6na m\u00f6\u00f6blit\u00f6\u00f6stuse \u00fclej\u00e4\u00e4kidest, v\u00f5ib koti v\u00e4limus natuke pildil olevast erineda.<br \/>\nM\u00e4rss sobib nii naistele kui meestele ning on disainitud ja valmistatud Eestis.   <\/p>\n<p>Trendbag on Eesti kotibr\u00e4nd, mis valmistab k\u00e4sit\u00f6\u00f6na kotte m\u00f6\u00f6blit\u00f6\u00f6stuse j\u00e4\u00e4kidest.<br \/>\nKuna m\u00f6\u00f6blit\u00f6\u00f6stuses on materjalidele tihti eriti karmid vastupidavuse n\u00f5uded, siis on ka Trendbagi kotid v\u00e4ga vastupidavad ning vahel tehtud ka m\u00e4rksa kallimatest materjalidest kui palju tuntumate br\u00e4ndide kotid.<br \/>\nK\u00f5ik Trendbagi kotid on disainitud ja toodetud Eestis.  <\/p>\n<p>Transport: 2-4 t\u00f6\u00f6p\u00e4eva<\/p>\n","protected":false},"featured_media":9069,"comment_status":"open","ping_status":"closed","template":"","meta":{"_acf_changed":false},"pwb-brand":[],"product_brand":[],"product_cat":[344,330],"product_tag":[],"class_list":{"0":"post-9068","1":"product","2":"type-product","3":"status-publish","4":"has-post-thumbnail","6":"product_cat-olakotid","7":"product_cat-seljakotid-ja-paevakotid","9":"first","10":"instock","11":"taxable","12":"shipping-taxable","13":"purchasable","14":"product-type-simple"},"acf":[],"brands":[],"_links":{"self":[{"href":"https:\/\/nordicbags.eu\/et\/wp-json\/wp\/v2\/product\/9068","targetHints":{"allow":["GET"]}}],"collection":[{"href":"https:\/\/nordicbags.eu\/et\/wp-json\/wp\/v2\/product"}],"about":[{"href":"https:\/\/nordicbags.eu\/et\/wp-json\/wp\/v2\/types\/product"}],"replies":[{"embeddable":true,"href":"https:\/\/nordicbags.eu\/et\/wp-json\/wp\/v2\/comments?post=9068"}],"wp:featuredmedia":[{"embeddable":true,"href":"https:\/\/nordicbags.eu\/et\/wp-json\/wp\/v2\/media\/9069"}],"wp:attachment":[{"href":"https:\/\/nordicbags.eu\/et\/wp-json\/wp\/v2\/media?parent=9068"}],"wp:term":[{"taxonomy":"pwb-brand","embeddable":true,"href":"https:\/\/nordicbags.eu\/et\/wp-json\/wp\/v2\/pwb-brand?post=9068"},{"taxonomy":"product_brand","embeddable":true,"href":"https:\/\/nordicbags.eu\/et\/wp-json\/wp\/v2\/product_brand?post=9068"},{"taxonomy":"product_cat","embeddable":true,"href":"https:\/\/nordicbags.eu\/et\/wp-json\/wp\/v2\/product_cat?post=9068"},{"taxonomy":"product_tag","embeddable":true,"href":"https:\/\/nordicbags.eu\/et\/wp-json\/wp\/v2\/product_tag?post=9068"}],"curies":[{"name":"wp","href":"https:\/\/api.w.org\/{rel}","templated":true}]}}