{"id":9074,"date":"2024-02-14T09:36:17","date_gmt":"2024-02-14T09:36:17","guid":{"rendered":"https:\/\/nordicbags.eu\/slim-pouchie\/"},"modified":"2024-09-15T12:39:12","modified_gmt":"2024-09-15T12:39:12","slug":"slim-pouchie","status":"publish","type":"product","link":"https:\/\/nordicbags.eu\/et\/toode\/slim-pouchie\/","title":{"rendered":"Slim Pouchie"},"content":{"rendered":"","protected":false},"excerpt":{"rendered":"<p>Meie tootevaliku k\u00f5ige v\u00e4iksem ja \u00f5hem lisand, mis on m\u00f5eldud ainult igap\u00e4evaste h\u00e4davajalike asjade jaoks, mahutab vajadusel kuni 8 kaarti ja m\u00f5ned kokkuvolditud pangat\u00e4hed.<br \/>\nKandke 2 kaarti kahes kiirelt ligip\u00e4\u00e4setavas v\u00e4litaskus ja kuni 6 (v\u00e4hemkasutatavat) kaarti kesktaskus.<br \/>\nV\u00e4iksemaks ja lihtsamaks ei saa teie nahast kaardikott enam minna.  <\/p>\n<ul>\n<li>Orgaaniliselt pargitud nahk<\/li>\n<li>Suurus: 6,5 cm x 10 cm<\/li>\n<li>Mahutab 7-8 krediitkaarti, 1 igas v\u00e4lises pesa ja kuni 6 keskel.<\/li>\n<li>Pakitud korduvkasutatavasse kinkekotti<\/li>\n<li>Disainitud ja valmistatud Eestis<\/li>\n<\/ul>\n","protected":false},"featured_media":9076,"comment_status":"open","ping_status":"closed","template":"","meta":{"_acf_changed":false},"pwb-brand":[],"product_brand":[],"product_cat":[356,355,366,369,363],"product_tag":[],"class_list":{"0":"post-9074","1":"product","2":"type-product","3":"status-publish","4":"has-post-thumbnail","6":"product_cat-kaardihoidjad","7":"product_cat-meeste-rahakotid-ja-kaardiumbrikud","8":"product_cat-nahast-kaardihoidjad","9":"product_cat-naiste-rahakotid-ja-rahakotid","10":"product_cat-rahakotid-ja-kaardihoidjad","12":"first","13":"outofstock","14":"taxable","15":"shipping-taxable","16":"purchasable","17":"product-type-variable"},"acf":[],"brands":[],"_links":{"self":[{"href":"https:\/\/nordicbags.eu\/et\/wp-json\/wp\/v2\/product\/9074","targetHints":{"allow":["GET"]}}],"collection":[{"href":"https:\/\/nordicbags.eu\/et\/wp-json\/wp\/v2\/product"}],"about":[{"href":"https:\/\/nordicbags.eu\/et\/wp-json\/wp\/v2\/types\/product"}],"replies":[{"embeddable":true,"href":"https:\/\/nordicbags.eu\/et\/wp-json\/wp\/v2\/comments?post=9074"}],"wp:featuredmedia":[{"embeddable":true,"href":"https:\/\/nordicbags.eu\/et\/wp-json\/wp\/v2\/media\/9076"}],"wp:attachment":[{"href":"https:\/\/nordicbags.eu\/et\/wp-json\/wp\/v2\/media?parent=9074"}],"wp:term":[{"taxonomy":"pwb-brand","embeddable":true,"href":"https:\/\/nordicbags.eu\/et\/wp-json\/wp\/v2\/pwb-brand?post=9074"},{"taxonomy":"product_brand","embeddable":true,"href":"https:\/\/nordicbags.eu\/et\/wp-json\/wp\/v2\/product_brand?post=9074"},{"taxonomy":"product_cat","embeddable":true,"href":"https:\/\/nordicbags.eu\/et\/wp-json\/wp\/v2\/product_cat?post=9074"},{"taxonomy":"product_tag","embeddable":true,"href":"https:\/\/nordicbags.eu\/et\/wp-json\/wp\/v2\/product_tag?post=9074"}],"curies":[{"name":"wp","href":"https:\/\/api.w.org\/{rel}","templated":true}]}}