{"id":9075,"date":"2024-03-20T09:10:01","date_gmt":"2024-03-20T09:10:01","guid":{"rendered":"https:\/\/nordicbags.eu\/astoria-kaekott-must\/"},"modified":"2024-09-15T12:39:12","modified_gmt":"2024-09-15T12:39:12","slug":"astoria-kaekott-must","status":"publish","type":"product","link":"https:\/\/nordicbags.eu\/et\/toode\/astoria-kaekott-must\/","title":{"rendered":"ASTORIA k\u00e4ekott &#8211; must"},"content":{"rendered":"","protected":false},"excerpt":{"rendered":"<p>K\u00e4sitsi valmistatud minimalistlik k\u00e4ekott ASTORIA igap\u00e4evaseks kasutamiseks.<br \/>\nAvaral kotil on lai avaus ja see sulgub n\u00f6\u00f6pn\u00f5elaga.<br \/>\nKoti tagak\u00fcljel on t\u00f5mblukuga tasku.<br \/>\nASTORIAt saab kanda \u00fcle \u00f5la v\u00f5i ristkinnitusena &#8211; kotil on \u00fcks l\u00fchike ja \u00fcks pikk reguleeritav rihm.<br \/>\nNagu k\u00f5ik TOKS VISOKSi kotid, on ka ASTORIA valmistatud Leedus k\u00e4sitsi ja armastusega.     Nahk on v\u00e4ga vastupidav nahk pikaajaliseks kandmiseks, kuid palun hoolitsege koti eest, et see kestaks kauem &#8211; impregneerimine on v\u00e4ga soovitatav, sprei v\u00f5i kreem t\u00f6\u00f6tab suurep\u00e4raselt.  <strong>Info:<\/strong><\/p>\n<ul>\n<li>M\u00f5\u00f5tmised: 30 x 21 x 6 cm<\/li>\n<li>\u00d5larihm<\/li>\n<li>Pikk reguleeritav rihm<\/li>\n<li>T\u00f5mblukuga tasku<\/li>\n<li>Suurep\u00e4rane linnaelu v\u00f5i \u00f5htuse v\u00e4ljas\u00f5idu jaoks<\/li>\n<li>K\u00e4sitsi valmistatud Leedus<\/li>\n<\/ul>\n<p>Laevandus: 4-7 t\u00f6\u00f6p\u00e4eva.<\/p>\n","protected":false},"featured_media":9082,"comment_status":"open","ping_status":"closed","template":"","meta":{"_acf_changed":false},"pwb-brand":[],"product_brand":[],"product_cat":[343,334],"product_tag":[],"class_list":{"0":"post-9075","1":"product","2":"type-product","3":"status-publish","4":"has-post-thumbnail","6":"product_cat-kaekotid","7":"product_cat-nahast-kotid","9":"first","10":"instock","11":"taxable","12":"shipping-taxable","13":"purchasable","14":"product-type-simple"},"acf":[],"brands":[],"_links":{"self":[{"href":"https:\/\/nordicbags.eu\/et\/wp-json\/wp\/v2\/product\/9075","targetHints":{"allow":["GET"]}}],"collection":[{"href":"https:\/\/nordicbags.eu\/et\/wp-json\/wp\/v2\/product"}],"about":[{"href":"https:\/\/nordicbags.eu\/et\/wp-json\/wp\/v2\/types\/product"}],"replies":[{"embeddable":true,"href":"https:\/\/nordicbags.eu\/et\/wp-json\/wp\/v2\/comments?post=9075"}],"wp:featuredmedia":[{"embeddable":true,"href":"https:\/\/nordicbags.eu\/et\/wp-json\/wp\/v2\/media\/9082"}],"wp:attachment":[{"href":"https:\/\/nordicbags.eu\/et\/wp-json\/wp\/v2\/media?parent=9075"}],"wp:term":[{"taxonomy":"pwb-brand","embeddable":true,"href":"https:\/\/nordicbags.eu\/et\/wp-json\/wp\/v2\/pwb-brand?post=9075"},{"taxonomy":"product_brand","embeddable":true,"href":"https:\/\/nordicbags.eu\/et\/wp-json\/wp\/v2\/product_brand?post=9075"},{"taxonomy":"product_cat","embeddable":true,"href":"https:\/\/nordicbags.eu\/et\/wp-json\/wp\/v2\/product_cat?post=9075"},{"taxonomy":"product_tag","embeddable":true,"href":"https:\/\/nordicbags.eu\/et\/wp-json\/wp\/v2\/product_tag?post=9075"}],"curies":[{"name":"wp","href":"https:\/\/api.w.org\/{rel}","templated":true}]}}