{"id":9087,"date":"2024-02-14T09:37:35","date_gmt":"2024-02-14T09:37:35","guid":{"rendered":"https:\/\/nordicbags.eu\/suvi-xs-olakott-meresinine\/"},"modified":"2024-02-14T09:37:35","modified_gmt":"2024-02-14T09:37:35","slug":"suvi-xs-olakott-meresinine","status":"publish","type":"product","link":"https:\/\/nordicbags.eu\/et\/toode\/suvi-xs-olakott-meresinine\/","title":{"rendered":"Suvi XS \u00f5lakott &#8211; meresinine"},"content":{"rendered":"","protected":false},"excerpt":{"rendered":"<p>ENG: <strong>Suvi XS<\/strong> on v\u00e4ike k\u00e4sitsi valmistatud nahast \u00f5lakott, mida saab kanda ka k\u00e4ekotina.<br \/>\nSuvi XS on valmistatud kvaliteetsetest m\u00f6\u00f6blitootmise j\u00e4\u00e4kidest.<br \/>\nKuna iga kott on k\u00e4sitsi valmistatud m\u00f6\u00f6blit\u00f6\u00f6stusest \u00fcle j\u00e4\u00e4nud materjalidest, et raisata v\u00f5imalikult v\u00e4he, on iga kott ainulaadne ja v\u00e4limus v\u00f5ib pisut erineda pildil olevast kotist. <strong>Suvi XS<\/strong> \u00f5lakott on disainitud ja valmistatud Eestis.<br \/>\nSuurus: 23 x 13 cm.   <\/p>\n<p>Trendbag valmistab k\u00e4sitsi valmistatud kotte m\u00f6\u00f6blit\u00f6\u00f6stuse j\u00e4\u00e4kidest.<br \/>\nK\u00f5ik kotid on disainitud ja toodetud Eestis.<br \/>\nM\u00f6\u00f6blit\u00f6\u00f6stuse j\u00e4\u00e4kide kasutamine t\u00e4hendab, et Trendbagi tooted on keskkonnas\u00f5bralikud ja v\u00e4ga vastupidavad, sest m\u00f6\u00f6blit\u00f6\u00f6stuses on r\u00f5ivaste vastupidavusnormid sageli palju k\u00f5rgemad kui kotit\u00f6\u00f6stuses.  <\/p>\n<p>Kohaletoimetamine ELis: 4-8 t\u00f6\u00f6p\u00e4eva.<\/p>\n<p>EST: <strong>Suvi XS<\/strong> on naturaalsest nahast naiste \u00f5lakott, mis on valmistatud k\u00e4sit\u00f6\u00f6na pehme m\u00f6\u00f6bli tootmisest \u00fcle j\u00e4\u00e4nud materjalidest.<br \/>\nKuna iga kott tehakse k\u00e4sit\u00f6\u00f6na m\u00f6\u00f6blit\u00f6\u00f6stuse \u00fclej\u00e4\u00e4kidest, v\u00f5ib koti v\u00e4limus natuke pildil olevast erineda.<br \/>\nSuvi XS on disainitud ja valmistatud Eestis.<br \/>\nSuurus: 23 x 13 cm.   <\/p>\n<p>Trendbag on Eesti kotibr\u00e4nd, mis valmistab k\u00e4sit\u00f6\u00f6na kotte m\u00f6\u00f6blit\u00f6\u00f6stuse j\u00e4\u00e4kidest.<br \/>\nKuna m\u00f6\u00f6blit\u00f6\u00f6stuses on materjalidele tihti eriti karmid vastupidavuse n\u00f5uded, siis on ka Trendbagi kotid v\u00e4ga vastupidavad ning vahel tehtud ka m\u00e4rksa kallimatest materjalidest kui palju tuntumate br\u00e4ndide kotid.<br \/>\nK\u00f5ik Trendbagi kotid on disainitud ja toodetud Eestis.  <\/p>\n<p>Eesti-sisene transport 1-3 t\u00f6\u00f6p\u00e4eva.<br \/>\nEuroopa Liidus 4-8 t\u00f6\u00f6p\u00e4eva. <\/p>\n","protected":false},"featured_media":9088,"comment_status":"open","ping_status":"closed","template":"","meta":{"_acf_changed":false},"pwb-brand":[],"product_brand":[],"product_cat":[344],"product_tag":[],"class_list":{"0":"post-9087","1":"product","2":"type-product","3":"status-publish","4":"has-post-thumbnail","6":"product_cat-olakotid","8":"first","9":"instock","10":"taxable","11":"shipping-taxable","12":"purchasable","13":"product-type-simple"},"acf":[],"brands":[],"_links":{"self":[{"href":"https:\/\/nordicbags.eu\/et\/wp-json\/wp\/v2\/product\/9087","targetHints":{"allow":["GET"]}}],"collection":[{"href":"https:\/\/nordicbags.eu\/et\/wp-json\/wp\/v2\/product"}],"about":[{"href":"https:\/\/nordicbags.eu\/et\/wp-json\/wp\/v2\/types\/product"}],"replies":[{"embeddable":true,"href":"https:\/\/nordicbags.eu\/et\/wp-json\/wp\/v2\/comments?post=9087"}],"wp:featuredmedia":[{"embeddable":true,"href":"https:\/\/nordicbags.eu\/et\/wp-json\/wp\/v2\/media\/9088"}],"wp:attachment":[{"href":"https:\/\/nordicbags.eu\/et\/wp-json\/wp\/v2\/media?parent=9087"}],"wp:term":[{"taxonomy":"pwb-brand","embeddable":true,"href":"https:\/\/nordicbags.eu\/et\/wp-json\/wp\/v2\/pwb-brand?post=9087"},{"taxonomy":"product_brand","embeddable":true,"href":"https:\/\/nordicbags.eu\/et\/wp-json\/wp\/v2\/product_brand?post=9087"},{"taxonomy":"product_cat","embeddable":true,"href":"https:\/\/nordicbags.eu\/et\/wp-json\/wp\/v2\/product_cat?post=9087"},{"taxonomy":"product_tag","embeddable":true,"href":"https:\/\/nordicbags.eu\/et\/wp-json\/wp\/v2\/product_tag?post=9087"}],"curies":[{"name":"wp","href":"https:\/\/api.w.org\/{rel}","templated":true}]}}