{"id":9090,"date":"2024-02-14T09:57:22","date_gmt":"2024-02-14T09:57:22","guid":{"rendered":"https:\/\/nordicbags.eu\/mudel-tote\/"},"modified":"2024-02-14T09:57:22","modified_gmt":"2024-02-14T09:57:22","slug":"mudel-tote","status":"publish","type":"product","link":"https:\/\/nordicbags.eu\/et\/toode\/mudel-tote\/","title":{"rendered":"Mudel Tote"},"content":{"rendered":"","protected":false},"excerpt":{"rendered":"<p>Vaevata nahast kandekott, mis on m\u00f5eldud ja m\u00f5\u00f5detud liikumiseks.<br \/>\nEi p\u00fc\u00fca olla trendikas, <strong>Model Tote<\/strong> ei l\u00e4he moest v\u00e4lja. <\/p>\n<p>Tahtsime luua puhta joonega, klassikalise kujuga kandekoti h\u00f5ivatud naisele, kellel ei ole aega mitu korda p\u00e4evas kotti vahetada.<br \/>\nSee ei tundu kunagi paigast \u00e4ra &#8211; v\u00f5ta see kaasa t\u00f6\u00f6le, teatrisse, peole ja n\u00e4dalavahetustel kohalikule turule.<br \/>\nAlati elegantne, alati praktiline.  <\/p>\n<p>Mudelil Tote on 2 esitasku ja 1 peafunktsioon, millel on varrukas kuni 13-tollise s\u00fclearvuti jaoks.<br \/>\nBoonus: tal on t\u00f5mblukuga kaas, et kaitsta teie v\u00e4\u00e4rtasju p\u00f5hjapoolkera ilmastikuolude eest.<br \/>\nKanna k\u00e4es v\u00f5i \u00fcle \u00f5la, kui k\u00e4ed on h\u00f5ivatud.  <\/p>\n<ul>\n<li>Materjal: orgaaniliselt pargitud nahk<\/li>\n<li>Suurus: 34 cm x 32 cm x 12 cm<\/li>\n<li>Topeltk\u00e4epidemed<\/li>\n<li>Pakitud korduvkasutatavasse kinkekotti<\/li>\n<li>Disainitud ja valmistatud Eestis<\/li>\n<\/ul>\n","protected":false},"featured_media":9092,"comment_status":"open","ping_status":"closed","template":"","meta":{"_acf_changed":false},"pwb-brand":[],"product_brand":[],"product_cat":[344,374],"product_tag":[],"class_list":{"0":"post-9090","1":"product","2":"type-product","3":"status-publish","4":"has-post-thumbnail","6":"product_cat-olakotid","7":"product_cat-ostukotid","9":"first","10":"outofstock","11":"taxable","12":"shipping-taxable","13":"purchasable","14":"product-type-variable"},"acf":[],"brands":[],"_links":{"self":[{"href":"https:\/\/nordicbags.eu\/et\/wp-json\/wp\/v2\/product\/9090","targetHints":{"allow":["GET"]}}],"collection":[{"href":"https:\/\/nordicbags.eu\/et\/wp-json\/wp\/v2\/product"}],"about":[{"href":"https:\/\/nordicbags.eu\/et\/wp-json\/wp\/v2\/types\/product"}],"replies":[{"embeddable":true,"href":"https:\/\/nordicbags.eu\/et\/wp-json\/wp\/v2\/comments?post=9090"}],"wp:featuredmedia":[{"embeddable":true,"href":"https:\/\/nordicbags.eu\/et\/wp-json\/wp\/v2\/media\/9092"}],"wp:attachment":[{"href":"https:\/\/nordicbags.eu\/et\/wp-json\/wp\/v2\/media?parent=9090"}],"wp:term":[{"taxonomy":"pwb-brand","embeddable":true,"href":"https:\/\/nordicbags.eu\/et\/wp-json\/wp\/v2\/pwb-brand?post=9090"},{"taxonomy":"product_brand","embeddable":true,"href":"https:\/\/nordicbags.eu\/et\/wp-json\/wp\/v2\/product_brand?post=9090"},{"taxonomy":"product_cat","embeddable":true,"href":"https:\/\/nordicbags.eu\/et\/wp-json\/wp\/v2\/product_cat?post=9090"},{"taxonomy":"product_tag","embeddable":true,"href":"https:\/\/nordicbags.eu\/et\/wp-json\/wp\/v2\/product_tag?post=9090"}],"curies":[{"name":"wp","href":"https:\/\/api.w.org\/{rel}","templated":true}]}}