{"id":9091,"date":"2024-02-14T09:30:57","date_gmt":"2024-02-14T09:30:57","guid":{"rendered":"https:\/\/nordicbags.eu\/clutch-nina-koos-randmerihmaga\/"},"modified":"2024-02-14T09:30:57","modified_gmt":"2024-02-14T09:30:57","slug":"clutch-nina-koos-randmerihmaga","status":"publish","type":"product","link":"https:\/\/nordicbags.eu\/et\/toode\/clutch-nina-koos-randmerihmaga\/","title":{"rendered":"Clutch Nina koos randmerihmaga"},"content":{"rendered":"","protected":false},"excerpt":{"rendered":"<p>T\u00f5sta oma stiili selle elegantse musta nahast k\u00e4ekotiga.<br \/>\nSee on loodud kaasaegse naise jaoks, sellel on luksuslik nahast v\u00e4lispind ja k\u00e4epide.<br \/>\nSee k\u00e4ekott on teie esmat\u00e4htis aksessuaar, mis sobib ideaalselt \u00f5htustele v\u00e4ljas\u00f5itudele v\u00f5i erilistele s\u00fcndmustele.<br \/>\n\u00c4rge lihtsalt astuge sisse &#8211; tehke avaldus.   <\/p>\n<p>\u00dcksikasjad:<\/p>\n<ul>\n<li>M\u00f5\u00f5tmed: 19 x 25 cm<\/li>\n<li>T\u00f5mbluku pikkus: 19 cm<\/li>\n<li>K\u00e4sitsi valmistatud Leedus<\/li>\n<\/ul>\n<p>PYKOK on kaasaegne nahast aksessuaaride kaubam\u00e4rk, mis loob strukturaalseid esemeid.<br \/>\nKeha r\u00f5hutamiseks ja vormimiseks kasutatakse puhtaid geomeetrilisi kujundeid.<br \/>\nUniversaalsed, iseloomulikud aksessuaarid v\u00f5ivad muuta lihtsa riietuse ainulaadseks naiselikuks v\u00e4limuseks.  <\/p>\n","protected":false},"featured_media":9101,"comment_status":"open","ping_status":"closed","template":"","meta":{"_acf_changed":false},"pwb-brand":[],"product_brand":[],"product_cat":[343,334,363],"product_tag":[],"class_list":{"0":"post-9091","1":"product","2":"type-product","3":"status-publish","4":"has-post-thumbnail","6":"product_cat-kaekotid","7":"product_cat-nahast-kotid","8":"product_cat-rahakotid-ja-kaardihoidjad","10":"first","11":"instock","12":"taxable","13":"shipping-taxable","14":"purchasable","15":"product-type-simple"},"acf":[],"brands":[],"_links":{"self":[{"href":"https:\/\/nordicbags.eu\/et\/wp-json\/wp\/v2\/product\/9091","targetHints":{"allow":["GET"]}}],"collection":[{"href":"https:\/\/nordicbags.eu\/et\/wp-json\/wp\/v2\/product"}],"about":[{"href":"https:\/\/nordicbags.eu\/et\/wp-json\/wp\/v2\/types\/product"}],"replies":[{"embeddable":true,"href":"https:\/\/nordicbags.eu\/et\/wp-json\/wp\/v2\/comments?post=9091"}],"wp:featuredmedia":[{"embeddable":true,"href":"https:\/\/nordicbags.eu\/et\/wp-json\/wp\/v2\/media\/9101"}],"wp:attachment":[{"href":"https:\/\/nordicbags.eu\/et\/wp-json\/wp\/v2\/media?parent=9091"}],"wp:term":[{"taxonomy":"pwb-brand","embeddable":true,"href":"https:\/\/nordicbags.eu\/et\/wp-json\/wp\/v2\/pwb-brand?post=9091"},{"taxonomy":"product_brand","embeddable":true,"href":"https:\/\/nordicbags.eu\/et\/wp-json\/wp\/v2\/product_brand?post=9091"},{"taxonomy":"product_cat","embeddable":true,"href":"https:\/\/nordicbags.eu\/et\/wp-json\/wp\/v2\/product_cat?post=9091"},{"taxonomy":"product_tag","embeddable":true,"href":"https:\/\/nordicbags.eu\/et\/wp-json\/wp\/v2\/product_tag?post=9091"}],"curies":[{"name":"wp","href":"https:\/\/api.w.org\/{rel}","templated":true}]}}