{"id":9111,"date":"2024-02-14T11:17:09","date_gmt":"2024-02-14T11:17:09","guid":{"rendered":"https:\/\/nordicbags.eu\/ruby-rahakott-must\/"},"modified":"2024-02-14T11:17:09","modified_gmt":"2024-02-14T11:17:09","slug":"ruby-rahakott-must","status":"publish","type":"product","link":"https:\/\/nordicbags.eu\/et\/toode\/ruby-rahakott-must\/","title":{"rendered":"RUBY rahakott &#8211; must"},"content":{"rendered":"","protected":false},"excerpt":{"rendered":"<p><strong>RUBY<\/strong> on v\u00e4ike kott.<br \/>\nEi mingeid valelubadusi.<br \/>\nAga sellesse mahub ideaalselt telefon, rahakott ja v\u00f5tmed.<br \/>\nSee on pisike ja armas ning just \u00f5ige sooja hooaja jaoks!<br \/>\nV\u00e4ike, v\u00f5luv, meeldiv ja sageli vajalik &#8211; suurep\u00e4rane kaaslane kohtingu\u00f5htuks.    <\/p>\n<p><strong>Info:<\/strong><\/p>\n<ul>\n<li>M\u00f5\u00f5tmised: 19 x 13 x 4 cm<\/li>\n<li>K\u00e4sitsi valmistatud nahast rahakott<\/li>\n<li>Suletakse magnetlukuga<\/li>\n<li>Sobib h\u00e4davajalikud asjad: telefon, rahakott, p\u00e4ikeseprillid.<\/li>\n<li>Pikk reguleeritav rihm<\/li>\n<li>Valmistatud Leedus<\/li>\n<\/ul>\n<p>Laevandus: 4-7 t\u00f6\u00f6p\u00e4eva.<\/p>\n","protected":false},"featured_media":9112,"comment_status":"open","ping_status":"closed","template":"","meta":{"_acf_changed":false},"pwb-brand":[],"product_brand":[],"product_cat":[344],"product_tag":[],"class_list":{"0":"post-9111","1":"product","2":"type-product","3":"status-publish","4":"has-post-thumbnail","6":"product_cat-olakotid","8":"first","9":"instock","10":"taxable","11":"shipping-taxable","12":"purchasable","13":"product-type-simple"},"acf":[],"brands":[],"_links":{"self":[{"href":"https:\/\/nordicbags.eu\/et\/wp-json\/wp\/v2\/product\/9111","targetHints":{"allow":["GET"]}}],"collection":[{"href":"https:\/\/nordicbags.eu\/et\/wp-json\/wp\/v2\/product"}],"about":[{"href":"https:\/\/nordicbags.eu\/et\/wp-json\/wp\/v2\/types\/product"}],"replies":[{"embeddable":true,"href":"https:\/\/nordicbags.eu\/et\/wp-json\/wp\/v2\/comments?post=9111"}],"wp:featuredmedia":[{"embeddable":true,"href":"https:\/\/nordicbags.eu\/et\/wp-json\/wp\/v2\/media\/9112"}],"wp:attachment":[{"href":"https:\/\/nordicbags.eu\/et\/wp-json\/wp\/v2\/media?parent=9111"}],"wp:term":[{"taxonomy":"pwb-brand","embeddable":true,"href":"https:\/\/nordicbags.eu\/et\/wp-json\/wp\/v2\/pwb-brand?post=9111"},{"taxonomy":"product_brand","embeddable":true,"href":"https:\/\/nordicbags.eu\/et\/wp-json\/wp\/v2\/product_brand?post=9111"},{"taxonomy":"product_cat","embeddable":true,"href":"https:\/\/nordicbags.eu\/et\/wp-json\/wp\/v2\/product_cat?post=9111"},{"taxonomy":"product_tag","embeddable":true,"href":"https:\/\/nordicbags.eu\/et\/wp-json\/wp\/v2\/product_tag?post=9111"}],"curies":[{"name":"wp","href":"https:\/\/api.w.org\/{rel}","templated":true}]}}